{"id":4042,"date":"2024-04-19T15:24:45","date_gmt":"2024-04-19T15:24:45","guid":{"rendered":"https:\/\/buenaondasurf.com\/?page_id=4042"},"modified":"2025-03-18T15:37:55","modified_gmt":"2025-03-18T15:37:55","slug":"segelkurs-auf-einer-first-23-5-kabinenyacht","status":"publish","type":"page","link":"https:\/\/buenaondasurf.com\/de\/kurse\/segelkurs-auf-einer-first-23-5-kabinenyacht\/","title":{"rendered":"Segelkurs auf einer First 23.5 Kabinenyacht"},"content":{"rendered":"<div class=\"wpb-content-wrapper\"><p>[vc_row css=&#8220;.vc_custom_1560778311219{margin-bottom: -20px !important;}&#8220;][vc_column css=&#8220;.vc_custom_1560779090423{padding-bottom: 40px !important;}&#8220;]<div id=\"ultimate-heading-682469ff238649244\" class=\"uvc-heading ult-adjust-bottom-margin ultimate-heading-682469ff238649244 uvc-304 accent-subtitle-color\" data-hspacer=\"no_spacer\"  data-halign=\"left\" style=\"text-align:left\"><div class=\"uvc-heading-spacer no_spacer\" style=\"top\"><\/div><div class=\"uvc-main-heading ult-responsive\"  data-ultimate-target='.uvc-heading.ultimate-heading-682469ff238649244 h3'  data-responsive-json-new='{\"font-size\":\"desktop:30px;\",\"line-height\":\"desktop:40px;\"}' ><h3 style=\"font-weight:bold;margin-bottom:5px;\">Das Meer entdecken: Ein Segelkurs auf einer Kabinenyacht f\u00fcr Kinder und Erwachsene jeden Alters<\/h3><\/div><div class=\"uvc-sub-heading ult-responsive\"  data-ultimate-target='.uvc-heading.ultimate-heading-682469ff238649244 .uvc-sub-heading '  data-responsive-json-new='{\"font-size\":\"desktop:20px;\",\"line-height\":\"desktop:30px;\"}'  style=\"font-weight:normal;margin-bottom:20px;\">Wenn Sie ein junger Mensch mit Leidenschaft f\u00fcr das Meer sind und segeln lernen m\u00f6chten, dann ist dieser Segelkurs perfekt f\u00fcr Sie. Von der Theorie bis zur Praxis werden wir die Grundlagen des Segelns und die Phasen des Kurses erkunden, die Sie zu aufregenden Abenteuern f\u00fchren werden. Entdecken Sie, was die Kinder in diesem Kurs lernen und bereiten Sie sich darauf vor, eine Reihe von F\u00e4higkeiten in der Welt des Segelns zu erwerben.<br \/>\nWas Sie in unserem Segelkurs lernen werden<\/div><\/div>[vc_row_inner equal_height=&#8220;yes&#8220;][vc_column_inner width=&#8220;1\/2&#8243;]<div class=\"standard-arrow bullet-top\"><p>Theoretische Grundlagen einer Kabinenyacht<br \/>\nArten von Segeln<br \/>\nSicherheitsregeln<br \/>\nPraktische F\u00e4higkeiten (Ruder- und Segelkontrolle)<br \/>\nWetterbedingungen interpretieren<br \/>\nIm Team arbeiten<\/p>\n<\/div>[\/vc_column_inner][vc_column_inner width=&#8220;1\/2&#8243;]<div class=\"standard-arrow bullet-top\"><p>Effektiv kommunizieren<br \/>\nSchnelle Entscheidungen bei Wind\u00e4nderungen treffen<br \/>\nRessourcen an Bord verwalten<br \/>\nErkundung der Meeresumwelt<\/p>\n<\/div>[\/vc_column_inner][\/vc_row_inner][\/vc_column][\/vc_row][vc_row][vc_column css=&#8220;.vc_custom_1560778479070{padding-bottom: 50px !important;}&#8220;]<style type=\"text\/css\" data-type=\"the7_shortcodes-inline-css\">.shortcode-single-image-wrap.shortcode-single-image-61aefb73ca8f01e2c859752a992f29f3.enable-bg-rollover .rollover i,\n.shortcode-single-image-wrap.shortcode-single-image-61aefb73ca8f01e2c859752a992f29f3.enable-bg-rollover .rollover-video i {\n  background: -webkit-linear-gradient();\n  background: linear-gradient();\n}\n.shortcode-single-image-wrap.shortcode-single-image-61aefb73ca8f01e2c859752a992f29f3 .rollover-icon {\n  font-size: 32px;\n  color: #ffffff;\n  min-width: 44px;\n  min-height: 44px;\n  line-height: 44px;\n  border-radius: 100px;\n  border-style: solid;\n  border-width: 0px;\n}\n.dt-icon-bg-on.shortcode-single-image-wrap.shortcode-single-image-61aefb73ca8f01e2c859752a992f29f3 .rollover-icon {\n  background: rgba(255,255,255,0.3);\n  box-shadow: none;\n}\n<\/style><div class=\"shortcode-single-image-wrap shortcode-single-image-61aefb73ca8f01e2c859752a992f29f3 alignnone  enable-bg-rollover dt-icon-bg-off\" style=\"margin-top:0px; margin-bottom:0px; margin-left:0px; margin-right:0px; width:1600px;\" data-pretty-share=\"facebook,whatsapp\"><div class=\"shortcode-single-image\"><div class=\"fancy-media-wrap  layzr-bg\" style=\"\"><img fetchpriority=\"high\" decoding=\"async\" class=\"preload-me lazy-load aspect\" src=\"data:image\/svg+xml,%3Csvg%20xmlns%3D&#39;http%3A%2F%2Fwww.w3.org%2F2000%2Fsvg&#39;%20viewBox%3D&#39;0%200%201200%201200&#39;%2F%3E\" data-src=\"https:\/\/buenaondasurf.com\/wp-content\/uploads\/2024\/05\/First-23.5_2-1200x1200.jpeg\" data-srcset=\"https:\/\/buenaondasurf.com\/wp-content\/uploads\/2024\/05\/First-23.5_2-1200x1200.jpeg 1200w\" loading=\"eager\" sizes=\"(max-width: 1200px) 100vw, 1200px\" width=\"1200\" height=\"1200\"  data-dt-location=\"https:\/\/buenaondasurf.com\/de\/corsi\/corso-di-vela-su-cabinato-first-23-5\/first-23-5_2\/\" style=\"--ratio: 1200 \/ 1200;\" alt=\"\" \/><\/div><\/div><\/div>[\/vc_column][\/vc_row][vc_row][vc_column width=&#8220;1\/2&#8243; css=&#8220;.vc_custom_1560779179438{margin-bottom: -20px !important;}&#8220;]<div id=\"ultimate-heading-477569ff238649ff4\" class=\"uvc-heading ult-adjust-bottom-margin ultimate-heading-477569ff238649ff4 uvc-3935 accent-subtitle-color\" data-hspacer=\"no_spacer\"  data-halign=\"left\" style=\"text-align:left\"><div class=\"uvc-heading-spacer no_spacer\" style=\"top\"><\/div><div class=\"uvc-main-heading ult-responsive\"  data-ultimate-target='.uvc-heading.ultimate-heading-477569ff238649ff4 h3'  data-responsive-json-new='{\"font-size\":\"desktop:25px;\",\"line-height\":\"desktop:35px;\"}' ><h3 style=\"font-weight:bold;margin-bottom:5px;\">Die Grundlagen des Segelns: Von der Theorie zur Praxis<\/h3><\/div><\/div>[vc_column_text css=&#8220;.vc_custom_1708445047270{margin-top: 20px !important;padding-bottom: 30px !important;}&#8220;]Im Segelkurs werden die Teilnehmer in die theoretischen Grundlagen dieses faszinierenden Sports eingef\u00fchrt. Sie lernen die Grundlagen des Segelns, wie z. B. nautische Terminologie, die wichtigsten Seeknoten und Sicherheitsregeln auf See. Anschlie\u00dfend gehen sie zur praktischen Phase \u00fcber, in der sie das in den Theorielektionen Gelernte in die Praxis umsetzen k\u00f6nnen. Unter der sorgf\u00e4ltigen Anleitung erfahrener Instruktoren lernen die Kinder, ein Segelboot zu man\u00f6vrieren, die Segel zu bedienen und sich im Wind zu orientieren. Diese praktische Erfahrung erm\u00f6glicht es ihnen, sich mit der Meeresumwelt vertraut zu machen und wichtige Navigationsf\u00e4higkeiten zu entwickeln, um komplexere Abenteuer auf offener See zu bestehen.[\/vc_column_text][\/vc_column][vc_column width=&#8220;1\/2&#8243;]<div id=\"ultimate-heading-105269ff23864a030\" class=\"uvc-heading ult-adjust-bottom-margin ultimate-heading-105269ff23864a030 uvc-9507 accent-subtitle-color\" data-hspacer=\"no_spacer\"  data-halign=\"left\" style=\"text-align:left\"><div class=\"uvc-heading-spacer no_spacer\" style=\"top\"><\/div><div class=\"uvc-main-heading ult-responsive\"  data-ultimate-target='.uvc-heading.ultimate-heading-105269ff23864a030 h3'  data-responsive-json-new='{\"font-size\":\"desktop:25px;\",\"line-height\":\"desktop:35px;\"}' ><h3 style=\"font-weight:bold;margin-bottom:5px;\">Segeln ins Abenteuer: Die Phasen des Segelkurses<\/h3><\/div><\/div>[vc_column_text css=&#8220;.vc_custom_1708445052135{margin-top: 20px !important;padding-bottom: 30px !important;}&#8220;]Die Phasen des Segelkurses sind eine echte Reise ins Abenteuer. Junge Segler beginnen mit den theoretischen Grundlagen und lernen die Grundprinzipien des Segelns und die Bedeutung der Sicherheit auf See. Anschlie\u00dfend gehen sie zur Praxis \u00fcber und setzen ihr erworbenes Wissen an Bord eines Bootes in die Praxis um. In dieser Phase lernen sie, die Segel zu man\u00f6vrieren, bei verschiedenen Wetterbedingungen zu navigieren und Notsituationen zu bew\u00e4ltigen. Diese Erfahrung gibt ihnen die M\u00f6glichkeit, praktische F\u00e4higkeiten wie Teamarbeit, F\u00fchrungsqualit\u00e4ten und die F\u00e4higkeit, schnelle Entscheidungen zu treffen, zu entwickeln. Segeln ins Abenteuer ist eine aufregende Reise, die es jungen Seglern erm\u00f6glicht, das Meer und sich selbst auf einzigartige und anregende Weise zu entdecken.[\/vc_column_text][\/vc_column][\/vc_row][vc_row][vc_column css=&#8220;.vc_custom_1560779179438{margin-bottom: -20px !important;}&#8220;][\/vc_column][\/vc_row][vc_row][vc_column css=&#8220;.vc_custom_1560779179438{margin-bottom: -20px !important;}&#8220;]<div id=\"ultimate-heading-173769ff23864a05f\" class=\"uvc-heading ult-adjust-bottom-margin ultimate-heading-173769ff23864a05f uvc-219 accent-subtitle-color\" data-hspacer=\"no_spacer\"  data-halign=\"left\" style=\"text-align:left\"><div class=\"uvc-heading-spacer no_spacer\" style=\"top\"><\/div><div class=\"uvc-main-heading ult-responsive\"  data-ultimate-target='.uvc-heading.ultimate-heading-173769ff23864a05f h3'  data-responsive-json-new='{\"font-size\":\"desktop:30px;\",\"line-height\":\"desktop:40px;\"}' ><h3 style=\"font-weight:bold;margin-bottom:5px;\">Eine Flotte von F\u00e4higkeiten: Was wir im Segelkurs lernen<\/h3><\/div><\/div><style type=\"text\/css\" data-type=\"the7_shortcodes-inline-css\">.shortcode-single-image-wrap.shortcode-single-image-91794c77185d6ffdf5c63424f366725f.enable-bg-rollover .rollover i,\n.shortcode-single-image-wrap.shortcode-single-image-91794c77185d6ffdf5c63424f366725f.enable-bg-rollover .rollover-video i {\n  background: -webkit-linear-gradient();\n  background: linear-gradient();\n}\n.shortcode-single-image-wrap.shortcode-single-image-91794c77185d6ffdf5c63424f366725f .rollover-icon {\n  font-size: 32px;\n  color: #ffffff;\n  min-width: 44px;\n  min-height: 44px;\n  line-height: 44px;\n  border-radius: 100px;\n  border-style: solid;\n  border-width: 0px;\n}\n.dt-icon-bg-on.shortcode-single-image-wrap.shortcode-single-image-91794c77185d6ffdf5c63424f366725f .rollover-icon {\n  background: rgba(255,255,255,0.3);\n  box-shadow: none;\n}\n<\/style><div class=\"shortcode-single-image-wrap shortcode-single-image-91794c77185d6ffdf5c63424f366725f alignnone  vc_custom_1715009023234 enable-bg-rollover dt-icon-bg-off\"  data-pretty-share=\"facebook,whatsapp\"><div class=\"shortcode-single-image\"><div class=\"fancy-media-wrap  layzr-bg\" style=\"\"><img decoding=\"async\" class=\"preload-me lazy-load aspect\" src=\"data:image\/svg+xml,%3Csvg%20xmlns%3D&#39;http%3A%2F%2Fwww.w3.org%2F2000%2Fsvg&#39;%20viewBox%3D&#39;0%200%201200%20600&#39;%2F%3E\" data-src=\"https:\/\/buenaondasurf.com\/wp-content\/uploads\/2024\/05\/First-23.5-1200x600.jpeg\" data-srcset=\"https:\/\/buenaondasurf.com\/wp-content\/uploads\/2024\/05\/First-23.5-1200x600.jpeg 1200w\" loading=\"eager\" sizes=\"(max-width: 1200px) 100vw, 1200px\" width=\"1200\" height=\"600\"  data-dt-location=\"https:\/\/buenaondasurf.com\/de\/corsi\/corso-di-vela-su-cabinato-first-23-5\/first-23-5\/\" style=\"--ratio: 1200 \/ 600;\" alt=\"\" \/><\/div><\/div><\/div>[vc_column_text css=&#8220;.vc_custom_1711474950190{padding-bottom: 30px !important;}&#8220;]Im Segelkurs lernen die Teilnehmer eine breite Palette von F\u00e4higkeiten, die \u00fcber das blo\u00dfe Segeln hinausgehen. Neben dem Erwerb der theoretischen Grundlagen des Segelns, wie z. B. die verschiedenen Arten von Segeln und Sicherheitsregeln, entwickeln junge Segler auch praktische F\u00e4higkeiten wie die Kontrolle von Ruder und Segeln. Sie lernen, Wetterbedingungen zu interpretieren und schnelle Entscheidungen zu treffen, um sich an Ver\u00e4nderungen von Wind und Str\u00f6mungen anzupassen. Dar\u00fcber hinaus lernen sie durch die Arbeit im Team, effektiv zu kommunizieren, kollektive Entscheidungen zu treffen und Ressourcen an Bord zu verwalten. Dieser Segelkurs bietet jungen Menschen die M\u00f6glichkeit, nicht nur als Segler, sondern auch als Individuen mit sozialen und F\u00fchrungsqualit\u00e4ten zu wachsen.<br \/>\nDas Meer durch einen Segelkurs zu erkunden, ist ein aufregendes Erlebnis f\u00fcr junge Segler. Von der Theorie bis zur Praxis lernen sie die Grundlagen des Segelns und stellen sich den Herausforderungen des Abenteuers auf See. Aber \u00fcber das Segeln hinaus entwickeln sie eine Flotte von F\u00e4higkeiten, die sie ein Leben lang begleiten werden. Welche anderen Abenteuer k\u00f6nnten sie dank des Gelernten unternehmen?[\/vc_column_text][\/vc_column][\/vc_row][vc_row css=&#8220;.vc_custom_1711475468358{margin-top: 30px !important;border-top-width: 2px !important;padding-top: 20px !important;padding-bottom:<\/p>\n<\/div>","protected":false},"excerpt":{"rendered":"<p>[vc_row css=&#8220;.vc_custom_1560778311219{margin-bottom: -20px !important;}&#8220;][vc_column css=&#8220;.vc_custom_1560779090423{padding-bottom: 40px !important;}&#8220;][vc_row_inner equal_height=&#8220;yes&#8220;][vc_column_inner width=&#8220;1\/2&#8243;][\/vc_column_inner][vc_column_inner width=&#8220;1\/2&#8243;][\/vc_column_inner][\/vc_row_inner][\/vc_column][\/vc_row][vc_row][vc_column css=&#8220;.vc_custom_1560778479070{padding-bottom: 50px !important;}&#8220;][\/vc_column][\/vc_row][vc_row][vc_column width=&#8220;1\/2&#8243; css=&#8220;.vc_custom_1560779179438{margin-bottom: -20px !important;}&#8220;][vc_column_text css=&#8220;.vc_custom_1708445047270{margin-top: 20px !important;padding-bottom: 30px !important;}&#8220;]Im Segelkurs werden die Teilnehmer in die theoretischen Grundlagen dieses faszinierenden Sports eingef\u00fchrt. Sie lernen die Grundlagen des Segelns, wie z. B. nautische Terminologie, die wichtigsten Seeknoten und Sicherheitsregeln auf See. Anschlie\u00dfend gehen sie&hellip;<\/p>\n","protected":false},"author":1,"featured_media":4173,"parent":3884,"menu_order":2,"comment_status":"closed","ping_status":"closed","template":"","meta":{"footnotes":""},"class_list":["post-4042","page","type-page","status-publish","has-post-thumbnail","hentry","description-off"],"yoast_head":"<!-- This site is optimized with the Yoast SEO plugin v24.6 - https:\/\/yoast.com\/wordpress\/plugins\/seo\/ -->\n<title>Segelkurs auf einer First 23.5 Kabinenyacht - Buenaonda Surf<\/title>\n<meta name=\"robots\" content=\"index, follow, max-snippet:-1, max-image-preview:large, max-video-preview:-1\" \/>\n<link rel=\"canonical\" href=\"https:\/\/buenaondasurf.com\/de\/kurse\/segelkurs-auf-einer-first-23-5-kabinenyacht\/\" \/>\n<meta property=\"og:locale\" content=\"de_DE\" \/>\n<meta property=\"og:type\" content=\"article\" \/>\n<meta property=\"og:title\" content=\"Segelkurs auf einer First 23.5 Kabinenyacht - Buenaonda Surf\" \/>\n<meta property=\"og:description\" content=\"[vc_row css=&#8220;.vc_custom_1560778311219{margin-bottom: -20px !important;}&#8220;][vc_column css=&#8220;.vc_custom_1560779090423{padding-bottom: 40px !important;}&#8220;][vc_row_inner equal_height=&#8220;yes&#8220;][vc_column_inner width=&#8220;1\/2&#8243;][\/vc_column_inner][vc_column_inner width=&#8220;1\/2&#8243;][\/vc_column_inner][\/vc_row_inner][\/vc_column][\/vc_row][vc_row][vc_column css=&#8220;.vc_custom_1560778479070{padding-bottom: 50px !important;}&#8220;][\/vc_column][\/vc_row][vc_row][vc_column width=&#8220;1\/2&#8243; css=&#8220;.vc_custom_1560779179438{margin-bottom: -20px !important;}&#8220;][vc_column_text css=&#8220;.vc_custom_1708445047270{margin-top: 20px !important;padding-bottom: 30px !important;}&#8220;]Im Segelkurs werden die Teilnehmer in die theoretischen Grundlagen dieses faszinierenden Sports eingef\u00fchrt. Sie lernen die Grundlagen des Segelns, wie z. B. nautische Terminologie, die wichtigsten Seeknoten und Sicherheitsregeln auf See. Anschlie\u00dfend gehen sie&hellip;\" \/>\n<meta property=\"og:url\" content=\"https:\/\/buenaondasurf.com\/de\/kurse\/segelkurs-auf-einer-first-23-5-kabinenyacht\/\" \/>\n<meta property=\"og:site_name\" content=\"Buenaonda Surf\" \/>\n<meta property=\"article:publisher\" content=\"https:\/\/www.facebook.com\/people\/Buenaondasurf\/100037188225705\/\" \/>\n<meta property=\"article:modified_time\" content=\"2025-03-18T15:37:55+00:00\" \/>\n<meta property=\"og:image\" content=\"https:\/\/buenaondasurf.com\/wp-content\/uploads\/2024\/05\/First-23.5_2.jpeg\" \/>\n\t<meta property=\"og:image:width\" content=\"1200\" \/>\n\t<meta property=\"og:image:height\" content=\"1600\" \/>\n\t<meta property=\"og:image:type\" content=\"image\/jpeg\" \/>\n<meta name=\"twitter:card\" content=\"summary_large_image\" \/>\n<meta name=\"twitter:label1\" content=\"Gesch\u00e4tzte Lesezeit\" \/>\n\t<meta name=\"twitter:data1\" content=\"4\u00a0Minuten\" \/>\n<script type=\"application\/ld+json\" class=\"yoast-schema-graph\">{\"@context\":\"https:\/\/schema.org\",\"@graph\":[{\"@type\":\"WebPage\",\"@id\":\"https:\/\/buenaondasurf.com\/de\/kurse\/segelkurs-auf-einer-first-23-5-kabinenyacht\/\",\"url\":\"https:\/\/buenaondasurf.com\/de\/kurse\/segelkurs-auf-einer-first-23-5-kabinenyacht\/\",\"name\":\"Segelkurs auf einer First 23.5 Kabinenyacht - Buenaonda Surf\",\"isPartOf\":{\"@id\":\"https:\/\/buenaondasurf.com\/de\/#website\"},\"primaryImageOfPage\":{\"@id\":\"https:\/\/buenaondasurf.com\/de\/kurse\/segelkurs-auf-einer-first-23-5-kabinenyacht\/#primaryimage\"},\"image\":{\"@id\":\"https:\/\/buenaondasurf.com\/de\/kurse\/segelkurs-auf-einer-first-23-5-kabinenyacht\/#primaryimage\"},\"thumbnailUrl\":\"https:\/\/buenaondasurf.com\/wp-content\/uploads\/2024\/05\/First-23.5_2.jpeg\",\"datePublished\":\"2024-04-19T15:24:45+00:00\",\"dateModified\":\"2025-03-18T15:37:55+00:00\",\"breadcrumb\":{\"@id\":\"https:\/\/buenaondasurf.com\/de\/kurse\/segelkurs-auf-einer-first-23-5-kabinenyacht\/#breadcrumb\"},\"inLanguage\":\"de\",\"potentialAction\":[{\"@type\":\"ReadAction\",\"target\":[\"https:\/\/buenaondasurf.com\/de\/kurse\/segelkurs-auf-einer-first-23-5-kabinenyacht\/\"]}]},{\"@type\":\"ImageObject\",\"inLanguage\":\"de\",\"@id\":\"https:\/\/buenaondasurf.com\/de\/kurse\/segelkurs-auf-einer-first-23-5-kabinenyacht\/#primaryimage\",\"url\":\"https:\/\/buenaondasurf.com\/wp-content\/uploads\/2024\/05\/First-23.5_2.jpeg\",\"contentUrl\":\"https:\/\/buenaondasurf.com\/wp-content\/uploads\/2024\/05\/First-23.5_2.jpeg\",\"width\":1200,\"height\":1600},{\"@type\":\"BreadcrumbList\",\"@id\":\"https:\/\/buenaondasurf.com\/de\/kurse\/segelkurs-auf-einer-first-23-5-kabinenyacht\/#breadcrumb\",\"itemListElement\":[{\"@type\":\"ListItem\",\"position\":1,\"name\":\"Home\",\"item\":\"https:\/\/buenaondasurf.com\/de\/\"},{\"@type\":\"ListItem\",\"position\":2,\"name\":\"Kurse\",\"item\":\"https:\/\/buenaondasurf.com\/de\/kurse\/\"},{\"@type\":\"ListItem\",\"position\":3,\"name\":\"Segelkurs auf einer First 23.5 Kabinenyacht\"}]},{\"@type\":\"WebSite\",\"@id\":\"https:\/\/buenaondasurf.com\/de\/#website\",\"url\":\"https:\/\/buenaondasurf.com\/de\/\",\"name\":\"Buenaonda Surf\",\"description\":\"Amiamo il mare, il vento e lo sport\",\"publisher\":{\"@id\":\"https:\/\/buenaondasurf.com\/de\/#organization\"},\"potentialAction\":[{\"@type\":\"SearchAction\",\"target\":{\"@type\":\"EntryPoint\",\"urlTemplate\":\"https:\/\/buenaondasurf.com\/de\/?s={search_term_string}\"},\"query-input\":{\"@type\":\"PropertyValueSpecification\",\"valueRequired\":true,\"valueName\":\"search_term_string\"}}],\"inLanguage\":\"de\"},{\"@type\":\"Organization\",\"@id\":\"https:\/\/buenaondasurf.com\/de\/#organization\",\"name\":\"Buenaonda Surf\",\"url\":\"https:\/\/buenaondasurf.com\/de\/\",\"logo\":{\"@type\":\"ImageObject\",\"inLanguage\":\"de\",\"@id\":\"https:\/\/buenaondasurf.com\/de\/#\/schema\/logo\/image\/\",\"url\":\"https:\/\/buenaondasurf.com\/wp-content\/uploads\/2024\/02\/logo_buena_vector_300.png\",\"contentUrl\":\"https:\/\/buenaondasurf.com\/wp-content\/uploads\/2024\/02\/logo_buena_vector_300.png\",\"width\":300,\"height\":299,\"caption\":\"Buenaonda Surf\"},\"image\":{\"@id\":\"https:\/\/buenaondasurf.com\/de\/#\/schema\/logo\/image\/\"},\"sameAs\":[\"https:\/\/www.facebook.com\/people\/Buenaondasurf\/100037188225705\/\",\"https:\/\/www.instagram.com\/buenaondasurf\/\"]}]}<\/script>\n<!-- \/ Yoast SEO plugin. -->","yoast_head_json":{"title":"Segelkurs auf einer First 23.5 Kabinenyacht - Buenaonda Surf","robots":{"index":"index","follow":"follow","max-snippet":"max-snippet:-1","max-image-preview":"max-image-preview:large","max-video-preview":"max-video-preview:-1"},"canonical":"https:\/\/buenaondasurf.com\/de\/kurse\/segelkurs-auf-einer-first-23-5-kabinenyacht\/","og_locale":"de_DE","og_type":"article","og_title":"Segelkurs auf einer First 23.5 Kabinenyacht - Buenaonda Surf","og_description":"[vc_row css=&#8220;.vc_custom_1560778311219{margin-bottom: -20px !important;}&#8220;][vc_column css=&#8220;.vc_custom_1560779090423{padding-bottom: 40px !important;}&#8220;][vc_row_inner equal_height=&#8220;yes&#8220;][vc_column_inner width=&#8220;1\/2&#8243;][\/vc_column_inner][vc_column_inner width=&#8220;1\/2&#8243;][\/vc_column_inner][\/vc_row_inner][\/vc_column][\/vc_row][vc_row][vc_column css=&#8220;.vc_custom_1560778479070{padding-bottom: 50px !important;}&#8220;][\/vc_column][\/vc_row][vc_row][vc_column width=&#8220;1\/2&#8243; css=&#8220;.vc_custom_1560779179438{margin-bottom: -20px !important;}&#8220;][vc_column_text css=&#8220;.vc_custom_1708445047270{margin-top: 20px !important;padding-bottom: 30px !important;}&#8220;]Im Segelkurs werden die Teilnehmer in die theoretischen Grundlagen dieses faszinierenden Sports eingef\u00fchrt. Sie lernen die Grundlagen des Segelns, wie z. B. nautische Terminologie, die wichtigsten Seeknoten und Sicherheitsregeln auf See. Anschlie\u00dfend gehen sie&hellip;","og_url":"https:\/\/buenaondasurf.com\/de\/kurse\/segelkurs-auf-einer-first-23-5-kabinenyacht\/","og_site_name":"Buenaonda Surf","article_publisher":"https:\/\/www.facebook.com\/people\/Buenaondasurf\/100037188225705\/","article_modified_time":"2025-03-18T15:37:55+00:00","og_image":[{"width":1200,"height":1600,"url":"https:\/\/buenaondasurf.com\/wp-content\/uploads\/2024\/05\/First-23.5_2.jpeg","type":"image\/jpeg"}],"twitter_card":"summary_large_image","twitter_misc":{"Gesch\u00e4tzte Lesezeit":"4\u00a0Minuten"},"schema":{"@context":"https:\/\/schema.org","@graph":[{"@type":"WebPage","@id":"https:\/\/buenaondasurf.com\/de\/kurse\/segelkurs-auf-einer-first-23-5-kabinenyacht\/","url":"https:\/\/buenaondasurf.com\/de\/kurse\/segelkurs-auf-einer-first-23-5-kabinenyacht\/","name":"Segelkurs auf einer First 23.5 Kabinenyacht - Buenaonda Surf","isPartOf":{"@id":"https:\/\/buenaondasurf.com\/de\/#website"},"primaryImageOfPage":{"@id":"https:\/\/buenaondasurf.com\/de\/kurse\/segelkurs-auf-einer-first-23-5-kabinenyacht\/#primaryimage"},"image":{"@id":"https:\/\/buenaondasurf.com\/de\/kurse\/segelkurs-auf-einer-first-23-5-kabinenyacht\/#primaryimage"},"thumbnailUrl":"https:\/\/buenaondasurf.com\/wp-content\/uploads\/2024\/05\/First-23.5_2.jpeg","datePublished":"2024-04-19T15:24:45+00:00","dateModified":"2025-03-18T15:37:55+00:00","breadcrumb":{"@id":"https:\/\/buenaondasurf.com\/de\/kurse\/segelkurs-auf-einer-first-23-5-kabinenyacht\/#breadcrumb"},"inLanguage":"de","potentialAction":[{"@type":"ReadAction","target":["https:\/\/buenaondasurf.com\/de\/kurse\/segelkurs-auf-einer-first-23-5-kabinenyacht\/"]}]},{"@type":"ImageObject","inLanguage":"de","@id":"https:\/\/buenaondasurf.com\/de\/kurse\/segelkurs-auf-einer-first-23-5-kabinenyacht\/#primaryimage","url":"https:\/\/buenaondasurf.com\/wp-content\/uploads\/2024\/05\/First-23.5_2.jpeg","contentUrl":"https:\/\/buenaondasurf.com\/wp-content\/uploads\/2024\/05\/First-23.5_2.jpeg","width":1200,"height":1600},{"@type":"BreadcrumbList","@id":"https:\/\/buenaondasurf.com\/de\/kurse\/segelkurs-auf-einer-first-23-5-kabinenyacht\/#breadcrumb","itemListElement":[{"@type":"ListItem","position":1,"name":"Home","item":"https:\/\/buenaondasurf.com\/de\/"},{"@type":"ListItem","position":2,"name":"Kurse","item":"https:\/\/buenaondasurf.com\/de\/kurse\/"},{"@type":"ListItem","position":3,"name":"Segelkurs auf einer First 23.5 Kabinenyacht"}]},{"@type":"WebSite","@id":"https:\/\/buenaondasurf.com\/de\/#website","url":"https:\/\/buenaondasurf.com\/de\/","name":"Buenaonda Surf","description":"Amiamo il mare, il vento e lo sport","publisher":{"@id":"https:\/\/buenaondasurf.com\/de\/#organization"},"potentialAction":[{"@type":"SearchAction","target":{"@type":"EntryPoint","urlTemplate":"https:\/\/buenaondasurf.com\/de\/?s={search_term_string}"},"query-input":{"@type":"PropertyValueSpecification","valueRequired":true,"valueName":"search_term_string"}}],"inLanguage":"de"},{"@type":"Organization","@id":"https:\/\/buenaondasurf.com\/de\/#organization","name":"Buenaonda Surf","url":"https:\/\/buenaondasurf.com\/de\/","logo":{"@type":"ImageObject","inLanguage":"de","@id":"https:\/\/buenaondasurf.com\/de\/#\/schema\/logo\/image\/","url":"https:\/\/buenaondasurf.com\/wp-content\/uploads\/2024\/02\/logo_buena_vector_300.png","contentUrl":"https:\/\/buenaondasurf.com\/wp-content\/uploads\/2024\/02\/logo_buena_vector_300.png","width":300,"height":299,"caption":"Buenaonda Surf"},"image":{"@id":"https:\/\/buenaondasurf.com\/de\/#\/schema\/logo\/image\/"},"sameAs":["https:\/\/www.facebook.com\/people\/Buenaondasurf\/100037188225705\/","https:\/\/www.instagram.com\/buenaondasurf\/"]}]}},"_links":{"self":[{"href":"https:\/\/buenaondasurf.com\/de\/wp-json\/wp\/v2\/pages\/4042","targetHints":{"allow":["GET"]}}],"collection":[{"href":"https:\/\/buenaondasurf.com\/de\/wp-json\/wp\/v2\/pages"}],"about":[{"href":"https:\/\/buenaondasurf.com\/de\/wp-json\/wp\/v2\/types\/page"}],"author":[{"embeddable":true,"href":"https:\/\/buenaondasurf.com\/de\/wp-json\/wp\/v2\/users\/1"}],"replies":[{"embeddable":true,"href":"https:\/\/buenaondasurf.com\/de\/wp-json\/wp\/v2\/comments?post=4042"}],"version-history":[{"count":3,"href":"https:\/\/buenaondasurf.com\/de\/wp-json\/wp\/v2\/pages\/4042\/revisions"}],"predecessor-version":[{"id":4212,"href":"https:\/\/buenaondasurf.com\/de\/wp-json\/wp\/v2\/pages\/4042\/revisions\/4212"}],"up":[{"embeddable":true,"href":"https:\/\/buenaondasurf.com\/de\/wp-json\/wp\/v2\/pages\/3884"}],"wp:featuredmedia":[{"embeddable":true,"href":"https:\/\/buenaondasurf.com\/de\/wp-json\/wp\/v2\/media\/4173"}],"wp:attachment":[{"href":"https:\/\/buenaondasurf.com\/de\/wp-json\/wp\/v2\/media?parent=4042"}],"curies":[{"name":"wp","href":"https:\/\/api.w.org\/{rel}","templated":true}]}}