{"id":3894,"date":"2024-02-22T08:17:32","date_gmt":"2024-02-22T08:17:32","guid":{"rendered":"https:\/\/buenaondasurf.com\/courses\/wakeboard-and-water-skiing-course\/"},"modified":"2025-03-18T15:33:05","modified_gmt":"2025-03-18T15:33:05","slug":"wakeboard-and-water-skiing-course","status":"publish","type":"page","link":"https:\/\/buenaondasurf.com\/de\/kurse\/wakeboard-and-water-skiing-course\/","title":{"rendered":"Wakeboard- und Wasserski-Kurs"},"content":{"rendered":"<div class=\"wpb-content-wrapper\"><p>[vc_row css=&#8220;.vc_custom_1560778311219{margin-bottom: -20px !important;}&#8220;][vc_column css=&#8220;.vc_custom_1560779090423{padding-bottom: 40px !important;}&#8220;]<div id=\"ultimate-heading-617569ff22f48d301\" class=\"uvc-heading ult-adjust-bottom-margin ultimate-heading-617569ff22f48d301 uvc-3793 accent-subtitle-color\" data-hspacer=\"no_spacer\"  data-halign=\"left\" style=\"text-align:left\"><div class=\"uvc-heading-spacer no_spacer\" style=\"top\"><\/div><div class=\"uvc-main-heading ult-responsive\"  data-ultimate-target='.uvc-heading.ultimate-heading-617569ff22f48d301 h3'  data-responsive-json-new='{\"font-size\":\"desktop:30px;\",\"line-height\":\"desktop:40px;\"}' ><h3 style=\"font-weight:bold;margin-bottom:5px;\">Jenseits des Wasserrandes: Die Ekstase des Wakeboardens<\/h3><\/div><div class=\"uvc-sub-heading ult-responsive\"  data-ultimate-target='.uvc-heading.ultimate-heading-617569ff22f48d301 .uvc-sub-heading '  data-responsive-json-new='{\"font-size\":\"desktop:20px;\",\"line-height\":\"desktop:30px;\"}'  style=\"font-weight:normal;margin-bottom:20px;\"><br \/>\nSind Sie bereit, das Land zu verlassen und in eine Welt der Emotionen und des Adrenalins auf dem Wasser einzutauchen? Willkommen zu unserem Wakeboard-Kurs, wo das Abenteuer auf den Wellen zum Leben erwacht und die Freiheit mit der Kraft des Windes verschmilzt.<br \/>\nWas Sie in unserem Wakeboard-Kurs lernen werden:<br \/>\n<\/div><\/div>[vc_row_inner equal_height=&#8220;yes&#8220;][vc_column_inner width=&#8220;1\/2&#8243;]<div class=\"standard-arrow bullet-top\"><p>Theoretische Grundlagen<br \/>\nPosition und Gleichgewicht<br \/>\nStart vom Wasser<br \/>\nSchnitt und Richtung<br \/>\nGrundlegende Spr\u00fcnge und Tricks<\/p>\n<\/div>[\/vc_column_inner][vc_column_inner width=&#8220;1\/2&#8243;]<div class=\"standard-arrow bullet-top\"><p>Grundlegende Man\u00f6ver<br \/>\nWassersicherheit<br \/>\nUmweltbewusstsein<br \/>\nPers\u00f6nlicher Fortschritt<\/p>\n<\/div>[\/vc_column_inner][\/vc_row_inner][\/vc_column][\/vc_row][vc_row][vc_column css=&#8220;.vc_custom_1560778479070{padding-bottom: 50px !important;}&#8220;]<style type=\"text\/css\" data-type=\"the7_shortcodes-inline-css\">.shortcode-single-image-wrap.shortcode-single-image-ec997f40387070b5e7f7b8a964b49304.enable-bg-rollover .rollover i,\n.shortcode-single-image-wrap.shortcode-single-image-ec997f40387070b5e7f7b8a964b49304.enable-bg-rollover .rollover-video i {\n  background: -webkit-linear-gradient();\n  background: linear-gradient();\n}\n.shortcode-single-image-wrap.shortcode-single-image-ec997f40387070b5e7f7b8a964b49304 .rollover-icon {\n  font-size: 32px;\n  color: #ffffff;\n  min-width: 44px;\n  min-height: 44px;\n  line-height: 44px;\n  border-radius: 100px;\n  border-style: solid;\n  border-width: 0px;\n}\n.dt-icon-bg-on.shortcode-single-image-wrap.shortcode-single-image-ec997f40387070b5e7f7b8a964b49304 .rollover-icon {\n  background: rgba(255,255,255,0.3);\n  box-shadow: none;\n}\n<\/style><div class=\"shortcode-single-image-wrap shortcode-single-image-ec997f40387070b5e7f7b8a964b49304 alignnone  enable-bg-rollover dt-icon-bg-off\" style=\"margin-top:0px; margin-bottom:0px; margin-left:0px; margin-right:0px; width:1600px;\" data-pretty-share=\"facebook,whatsapp\"><div class=\"shortcode-single-image\"><div class=\"fancy-media-wrap  layzr-bg\" style=\"\"><img fetchpriority=\"high\" decoding=\"async\" class=\"preload-me lazy-load aspect\" src=\"data:image\/svg+xml,%3Csvg%20xmlns%3D&#39;http%3A%2F%2Fwww.w3.org%2F2000%2Fsvg&#39;%20viewBox%3D&#39;0%200%201600%20800&#39;%2F%3E\" data-src=\"https:\/\/buenaondasurf.com\/wp-content\/uploads\/2024\/02\/Buenaondasurf-Sassari-Vindsurf-e-Camp-Estivi-per-ragazzi-in-Sardegna-6-1600x800.jpg\" data-srcset=\"https:\/\/buenaondasurf.com\/wp-content\/uploads\/2024\/02\/Buenaondasurf-Sassari-Vindsurf-e-Camp-Estivi-per-ragazzi-in-Sardegna-6-1600x800.jpg 1600w, https:\/\/buenaondasurf.com\/wp-content\/uploads\/2024\/02\/Buenaondasurf-Sassari-Vindsurf-e-Camp-Estivi-per-ragazzi-in-Sardegna-6-1920x960.jpg 1920w\" loading=\"eager\" sizes=\"(max-width: 1600px) 100vw, 1600px\" width=\"1600\" height=\"800\"  data-dt-location=\"https:\/\/buenaondasurf.com\/de\/buenaondasurf-sassari-vindsurf-e-camp-estivi-per-ragazzi-in-sardegna-6\/\" style=\"--ratio: 1600 \/ 800;\" alt=\"\" \/><\/div><\/div><\/div>[\/vc_column][\/vc_row][vc_row][vc_column width=&#8220;1\/2&#8243; css=&#8220;.vc_custom_1560779179438{margin-bottom: -20px !important;}&#8220;]<div id=\"ultimate-heading-745769ff22f48e016\" class=\"uvc-heading ult-adjust-bottom-margin ultimate-heading-745769ff22f48e016 uvc-7035 accent-subtitle-color\" data-hspacer=\"no_spacer\"  data-halign=\"left\" style=\"text-align:left\"><div class=\"uvc-heading-spacer no_spacer\" style=\"top\"><\/div><div class=\"uvc-main-heading ult-responsive\"  data-ultimate-target='.uvc-heading.ultimate-heading-745769ff22f48e016 h3'  data-responsive-json-new='{\"font-size\":\"desktop:25px;\",\"line-height\":\"desktop:35px;\"}' ><h3 style=\"font-weight:bold;margin-bottom:5px;\">Einf\u00fchrung in den Wakeboard-Kurs<\/h3><\/div><\/div>[vc_column_text css=&#8220;.vc_custom_1711624233520{margin-top: 20px !important;padding-bottom: 30px !important;}&#8220;]<br \/>\nWakeboarding ist nicht nur ein Wassersport, sondern eine Leidenschaft, die die Seele einf\u00e4ngt und den Geist befreit. Mit unserem Kurs f\u00fchren wir Sie durch die Grundlagen dieser dynamischen Disziplin und erm\u00f6glichen es Ihnen, das Vergn\u00fcgen des Segelns und den Nervenkitzel der Action in einer ihrer reinsten Formen zu entdecken.<br \/>\nUnter der fachkundigen Anleitung unserer zertifizierten Ausbilder erlernen Sie die grundlegenden Techniken des Wakeboardens, vom sanften Start vom Wasser bis zum eleganten und kontrollierten Navigieren durch die Wellen. Jede Lektion ist eine Gelegenheit, Ihre F\u00e4higkeiten zu verbessern, Ihren Stil zu verfeinern und Ihre pers\u00f6nlichen Grenzen zu \u00fcberwinden, und das alles in einer unterhaltsamen und entspannten Umgebung.<br \/>\n[\/vc_column_text][vc_single_image image=&#8220;4102&#8243; img_size=&#8220;full&#8220; style=&#8220;vc_box_border_circle_2&#8243;][\/vc_column][vc_column width=&#8220;1\/2&#8243;]<div id=\"ultimate-heading-755769ff22f48e052\" class=\"uvc-heading ult-adjust-bottom-margin ultimate-heading-755769ff22f48e052 uvc-6493 accent-subtitle-color\" data-hspacer=\"no_spacer\"  data-halign=\"left\" style=\"text-align:left\"><div class=\"uvc-heading-spacer no_spacer\" style=\"top\"><\/div><div class=\"uvc-main-heading ult-responsive\"  data-ultimate-target='.uvc-heading.ultimate-heading-755769ff22f48e052 h3'  data-responsive-json-new='{\"font-size\":\"desktop:25px;\",\"line-height\":\"desktop:35px;\"}' ><h3 style=\"font-weight:bold;margin-bottom:5px;\">Wakeboard-Kurstechniken<\/h3><\/div><\/div>[vc_column_text css=&#8220;.vc_custom_1711624296732{margin-top: 20px !important;padding-bottom: 30px !important;}&#8220;]<br \/>\nHaltung und Gleichgewicht: Die Sch\u00fcler lernen die richtige K\u00f6rperposition auf dem Wakeboard und wie man das Gleichgewicht beim Fahren auf dem Wasser h\u00e4lt.<br \/>\nWasserstart: Es werden Techniken f\u00fcr den Start vom Wasser mit einer Schleppstange gelehrt, einschlie\u00dflich der richtigen K\u00f6rperposition und Gewichtsverteilung f\u00fcr einen sanften Start.<br \/>\nSchnitt und Kantenkontrolle: Die Ausbilder erkl\u00e4ren, wie man einen effektiven Schnitt durch das Wasser ausf\u00fchrt, einschlie\u00dflich der Verwendung der Kante des Boards zum Steuern und Aufrechterhalten der gew\u00fcnschten Geschwindigkeit.<br \/>\nGrundlegende Spr\u00fcnge und Tricks: Im Laufe des Kurses k\u00f6nnen die Sch\u00fcler beginnen, die Grundlagen grundlegender Spr\u00fcnge und Tricks zu erlernen, wie z. B. den Wassersprung, die Rolle und Grabs (das Greifen des Boards beim Springen).<br \/>\nGrundlegende Man\u00f6ver: Grundlegende Man\u00f6ver, wie z. B. Drehungen und Richtungs\u00e4nderungen, werden gelehrt, die n\u00fctzlich sind, um Hindernisse zu umfahren oder Tricks auszuf\u00fchren.<br \/>\nWassersicherheit: Sicherheit ist in jedem Wakeboard-Kurs unerl\u00e4sslich. Die Sch\u00fcler lernen grundlegende Wakeboard-Regeln, Sicherheitsverfahren und Vorsichtsma\u00dfnahmen, die im Falle eines Sturzes oder Unfalls zu treffen sind.<br \/>\nUmweltbewusstsein: Je nach Kurs kann ein Abschnitt \u00fcber Umweltbewusstsein enthalten sein, einschlie\u00dflich Tipps zur Reduzierung der Umweltbelastung beim Wakeboarden.<br \/>\nPers\u00f6nlicher Fortschritt: Wakeboard-Kurse sind so konzipiert, dass sie sich an die Bed\u00fcrfnisse und das K\u00f6nnen der Sch\u00fcler anpassen. Die Ausbilder k\u00f6nnen personalisiertes Feedback und Vorschl\u00e4ge geben, um den Sch\u00fclern zu helfen, ihre F\u00e4higkeiten kontinuierlich zu verbessern.<br \/>\n[\/vc_column_text][\/vc_column][\/vc_row][vc_row full_width=&#8220;stretch_row_content&#8220; css=&#8220;.vc_custom_1708589236377{margin-top: 50px !important;}&#8220;][vc_column][vc_column_text css=&#8220;.vc_custom_1711624371297{padding-bottom: 30px !important;}&#8220;]<br \/>\nWakeboarding ist eine unterhaltsame und aufregende Aktivit\u00e4t, die von Menschen jeden Alters und K\u00f6nnens genossen werden kann. Ein Wakeboard-Kurs ist eine gro\u00dfartige M\u00f6glichkeit, die Grundlagen dieses Sports zu erlernen und Spa\u00df auf dem Wasser zu haben.<br \/>\n[\/vc_column_text][\/vc_column][\/vc_row][vc_row el_id=&#8220;sciinautico&#8220;][\/vc_row][vc_column css=&#8220;.vc_custom_1560778479070{padding-bottom: 50px !important;}&#8220;][\/vc_column]<div id=\"ultimate-heading-248169ff22f48e084\" class=\"uvc-heading ult-adjust-bottom-margin ultimate-heading-248169ff22f48e084 uvc-1621 accent-subtitle-color\" data-hspacer=\"no_spacer\"  data-halign=\"left\" style=\"text-align:left\"><div class=\"uvc-heading-spacer no_spacer\" style=\"top\"><\/div><div class=\"uvc-main-heading ult-responsive\"  data-ultimate-target='.uvc-heading.ultimate-heading-248169ff22f48e084 h3'  data-responsive-json-new='{\"font-size\":\"desktop:30px;\",\"line-height\":\"desktop:40px;\"}' ><h3 style=\"font-weight:bold;margin-bottom:5px;\">Wasserski<\/h3><\/div><div class=\"uvc-sub-heading ult-responsive\"  data-ultimate-target='.uvc-heading.ultimate-heading-248169ff22f48e084 .uvc-sub-heading '  data-responsive-json-new='{\"font-size\":\"desktop:20px;\",\"line-height\":\"desktop:30px;\"}'  style=\"font-weight:normal;margin-bottom:20px;\"><br \/>\nPure Aufregung.<br \/>\nWasserski ist eine Explosion von Emotionen: Adrenalin, Freude, Freiheit, Herausforderung. Ein Erlebnis, das Ihnen den Atem raubt und das Sie immer wieder erleben m\u00f6chten.<br \/>\n<\/div><\/div><style type=\"text\/css\" data-type=\"the7_shortcodes-inline-css\">.shortcode-single-image-wrap.shortcode-single-image-a001958858caefededc696f1863b3515.enable-bg-rollover .rollover i,\n.shortcode-single-image-wrap.shortcode-single-image-a001958858caefededc696f1863b3515.enable-bg-rollover .rollover-video i {\n  background: -webkit-linear-gradient();\n  background: linear-gradient();\n}\n.shortcode-single-image-wrap.shortcode-single-image-a001958858caefededc696f1863b3515 .rollover-icon {\n  font-size: 32px;\n  color: #ffffff;\n  min-width: 44px;\n  min-height: 44px;\n  line-height: 44px;\n  border-radius: 100px;\n  border-style: solid;\n  border-width: 0px;\n}\n.dt-icon-bg-on.shortcode-single-image-wrap.shortcode-single-image-a001958858caefededc696f1863b3515 .rollover-icon {\n  background: rgba(255,255,255,0.3);\n  box-shadow: none;\n}\n<\/style><div class=\"shortcode-single-image-wrap shortcode-single-image-a001958858caefededc696f1863b3515 alignnone  vc_custom_1711467849414 enable-bg-rollover dt-icon-bg-off\"  data-pretty-share=\"facebook,whatsapp\"><div class=\"shortcode-single-image\"><div class=\"fancy-media-wrap  layzr-bg\" style=\"\"><img decoding=\"async\" class=\"preload-me lazy-load aspect\" src=\"data:image\/svg+xml,%3Csvg%20xmlns%3D&#39;http%3A%2F%2Fwww.w3.org%2F2000%2Fsvg&#39;%20viewBox%3D&#39;0%200%201600%20800&#39;%2F%3E\" data-src=\"https:\/\/buenaondasurf.com\/wp-content\/uploads\/2024\/02\/Attivita-Wakeboard-Camp-Estivi-per-ragazzi-Olbia-Sardegna-5-1600x800.jpg\" data-srcset=\"https:\/\/buenaondasurf.com\/wp-content\/uploads\/2024\/02\/Attivita-Wakeboard-Camp-Estivi-per-ragazzi-Olbia-Sardegna-5-1600x800.jpg 1600w, https:\/\/buenaondasurf.com\/wp-content\/uploads\/2024\/02\/Attivita-Wakeboard-Camp-Estivi-per-ragazzi-Olbia-Sardegna-5-1707x853.jpg 1707w\" loading=\"eager\" sizes=\"(max-width: 1600px) 100vw, 1600px\" width=\"1600\" height=\"800\"  data-dt-location=\"https:\/\/buenaondasurf.com\/de\/dt_gallery\/wakeboard\/attivita-wakeboard-camp-estivi-per-ragazzi-olbia-sardegna-5\/\" style=\"--ratio: 1600 \/ 800;\" alt=\"\" \/><\/div><\/div><\/div>\n<\/div>","protected":false},"excerpt":{"rendered":"<p>[vc_row css=&#8220;.vc_custom_1560778311219{margin-bottom: -20px !important;}&#8220;][vc_column css=&#8220;.vc_custom_1560779090423{padding-bottom: 40px !important;}&#8220;][vc_row_inner equal_height=&#8220;yes&#8220;][vc_column_inner width=&#8220;1\/2&#8243;][\/vc_column_inner][vc_column_inner width=&#8220;1\/2&#8243;][\/vc_column_inner][\/vc_row_inner][\/vc_column][\/vc_row][vc_row][vc_column css=&#8220;.vc_custom_1560778479070{padding-bottom: 50px !important;}&#8220;][\/vc_column][\/vc_row][vc_row][vc_column width=&#8220;1\/2&#8243; css=&#8220;.vc_custom_1560779179438{margin-bottom: -20px !important;}&#8220;][vc_column_text css=&#8220;.vc_custom_1711624233520{margin-top: 20px !important;padding-bottom: 30px !important;}&#8220;] Wakeboarding ist nicht nur ein Wassersport, sondern eine Leidenschaft, die die Seele einf\u00e4ngt und den Geist befreit. Mit unserem Kurs f\u00fchren wir Sie durch die Grundlagen dieser dynamischen Disziplin und erm\u00f6glichen es Ihnen,&hellip;<\/p>\n","protected":false},"author":1,"featured_media":3895,"parent":3884,"menu_order":2,"comment_status":"closed","ping_status":"closed","template":"","meta":{"footnotes":""},"class_list":["post-3894","page","type-page","status-publish","has-post-thumbnail","hentry","description-off"],"yoast_head":"<!-- This site is optimized with the Yoast SEO plugin v24.6 - https:\/\/yoast.com\/wordpress\/plugins\/seo\/ -->\n<title>Wakeboard- und Wasserski-Kurs - Buenaonda Surf<\/title>\n<meta name=\"description\" content=\"Wasserski ist ein Wassersport, der Geschwindigkeit und Adrenalin kombiniert. Ein Athlet wird von einem Motorboot auf speziellen Skiern durch das Wasser gezogen. Ziel ist es, Gleichgewicht und Geschwindigkeit zu halten und spektakul\u00e4re Akrobatik und Man\u00f6ver auszuf\u00fchren.\" \/>\n<meta name=\"robots\" content=\"index, follow, max-snippet:-1, max-image-preview:large, max-video-preview:-1\" \/>\n<link rel=\"canonical\" href=\"https:\/\/buenaondasurf.com\/de\/kurse\/wakeboard-and-water-skiing-course\/\" \/>\n<meta property=\"og:locale\" content=\"de_DE\" \/>\n<meta property=\"og:type\" content=\"article\" \/>\n<meta property=\"og:title\" content=\"Wakeboard- und Wasserski-Kurs - Buenaonda Surf\" \/>\n<meta property=\"og:description\" content=\"Wasserski ist ein Wassersport, der Geschwindigkeit und Adrenalin kombiniert. Ein Athlet wird von einem Motorboot auf speziellen Skiern durch das Wasser gezogen. Ziel ist es, Gleichgewicht und Geschwindigkeit zu halten und spektakul\u00e4re Akrobatik und Man\u00f6ver auszuf\u00fchren.\" \/>\n<meta property=\"og:url\" content=\"https:\/\/buenaondasurf.com\/de\/kurse\/wakeboard-and-water-skiing-course\/\" \/>\n<meta property=\"og:site_name\" content=\"Buenaonda Surf\" \/>\n<meta property=\"article:publisher\" content=\"https:\/\/www.facebook.com\/people\/Buenaondasurf\/100037188225705\/\" \/>\n<meta property=\"article:modified_time\" content=\"2025-03-18T15:33:05+00:00\" \/>\n<meta property=\"og:image\" content=\"https:\/\/buenaondasurf.com\/wp-content\/uploads\/2024\/02\/Attivita-Wakeboard-Camp-Estivi-per-ragazzi-Olbia-Sardegna-8.jpg\" \/>\n\t<meta property=\"og:image:width\" content=\"1707\" \/>\n\t<meta property=\"og:image:height\" content=\"1280\" \/>\n\t<meta property=\"og:image:type\" content=\"image\/jpeg\" \/>\n<meta name=\"twitter:card\" content=\"summary_large_image\" \/>\n<meta name=\"twitter:label1\" content=\"Gesch\u00e4tzte Lesezeit\" \/>\n\t<meta name=\"twitter:data1\" content=\"5\u00a0Minuten\" \/>\n<script type=\"application\/ld+json\" class=\"yoast-schema-graph\">{\"@context\":\"https:\/\/schema.org\",\"@graph\":[{\"@type\":\"WebPage\",\"@id\":\"https:\/\/buenaondasurf.com\/de\/kurse\/wakeboard-and-water-skiing-course\/\",\"url\":\"https:\/\/buenaondasurf.com\/de\/kurse\/wakeboard-and-water-skiing-course\/\",\"name\":\"Wakeboard- und Wasserski-Kurs - Buenaonda Surf\",\"isPartOf\":{\"@id\":\"https:\/\/buenaondasurf.com\/de\/#website\"},\"primaryImageOfPage\":{\"@id\":\"https:\/\/buenaondasurf.com\/de\/kurse\/wakeboard-and-water-skiing-course\/#primaryimage\"},\"image\":{\"@id\":\"https:\/\/buenaondasurf.com\/de\/kurse\/wakeboard-and-water-skiing-course\/#primaryimage\"},\"thumbnailUrl\":\"https:\/\/buenaondasurf.com\/wp-content\/uploads\/2024\/02\/Attivita-Wakeboard-Camp-Estivi-per-ragazzi-Olbia-Sardegna-8.jpg\",\"datePublished\":\"2024-02-22T08:17:32+00:00\",\"dateModified\":\"2025-03-18T15:33:05+00:00\",\"description\":\"Wasserski ist ein Wassersport, der Geschwindigkeit und Adrenalin kombiniert. Ein Athlet wird von einem Motorboot auf speziellen Skiern durch das Wasser gezogen. Ziel ist es, Gleichgewicht und Geschwindigkeit zu halten und spektakul\u00e4re Akrobatik und Man\u00f6ver auszuf\u00fchren.\",\"breadcrumb\":{\"@id\":\"https:\/\/buenaondasurf.com\/de\/kurse\/wakeboard-and-water-skiing-course\/#breadcrumb\"},\"inLanguage\":\"de\",\"potentialAction\":[{\"@type\":\"ReadAction\",\"target\":[\"https:\/\/buenaondasurf.com\/de\/kurse\/wakeboard-and-water-skiing-course\/\"]}]},{\"@type\":\"ImageObject\",\"inLanguage\":\"de\",\"@id\":\"https:\/\/buenaondasurf.com\/de\/kurse\/wakeboard-and-water-skiing-course\/#primaryimage\",\"url\":\"https:\/\/buenaondasurf.com\/wp-content\/uploads\/2024\/02\/Attivita-Wakeboard-Camp-Estivi-per-ragazzi-Olbia-Sardegna-8.jpg\",\"contentUrl\":\"https:\/\/buenaondasurf.com\/wp-content\/uploads\/2024\/02\/Attivita-Wakeboard-Camp-Estivi-per-ragazzi-Olbia-Sardegna-8.jpg\",\"width\":1707,\"height\":1280},{\"@type\":\"BreadcrumbList\",\"@id\":\"https:\/\/buenaondasurf.com\/de\/kurse\/wakeboard-and-water-skiing-course\/#breadcrumb\",\"itemListElement\":[{\"@type\":\"ListItem\",\"position\":1,\"name\":\"Home\",\"item\":\"https:\/\/buenaondasurf.com\/de\/\"},{\"@type\":\"ListItem\",\"position\":2,\"name\":\"Kurse\",\"item\":\"https:\/\/buenaondasurf.com\/de\/kurse\/\"},{\"@type\":\"ListItem\",\"position\":3,\"name\":\"Wakeboard- und Wasserski-Kurs\"}]},{\"@type\":\"WebSite\",\"@id\":\"https:\/\/buenaondasurf.com\/de\/#website\",\"url\":\"https:\/\/buenaondasurf.com\/de\/\",\"name\":\"Buenaonda Surf\",\"description\":\"Amiamo il mare, il vento e lo sport\",\"publisher\":{\"@id\":\"https:\/\/buenaondasurf.com\/de\/#organization\"},\"potentialAction\":[{\"@type\":\"SearchAction\",\"target\":{\"@type\":\"EntryPoint\",\"urlTemplate\":\"https:\/\/buenaondasurf.com\/de\/?s={search_term_string}\"},\"query-input\":{\"@type\":\"PropertyValueSpecification\",\"valueRequired\":true,\"valueName\":\"search_term_string\"}}],\"inLanguage\":\"de\"},{\"@type\":\"Organization\",\"@id\":\"https:\/\/buenaondasurf.com\/de\/#organization\",\"name\":\"Buenaonda Surf\",\"url\":\"https:\/\/buenaondasurf.com\/de\/\",\"logo\":{\"@type\":\"ImageObject\",\"inLanguage\":\"de\",\"@id\":\"https:\/\/buenaondasurf.com\/de\/#\/schema\/logo\/image\/\",\"url\":\"https:\/\/buenaondasurf.com\/wp-content\/uploads\/2024\/02\/logo_buena_vector_300.png\",\"contentUrl\":\"https:\/\/buenaondasurf.com\/wp-content\/uploads\/2024\/02\/logo_buena_vector_300.png\",\"width\":300,\"height\":299,\"caption\":\"Buenaonda Surf\"},\"image\":{\"@id\":\"https:\/\/buenaondasurf.com\/de\/#\/schema\/logo\/image\/\"},\"sameAs\":[\"https:\/\/www.facebook.com\/people\/Buenaondasurf\/100037188225705\/\",\"https:\/\/www.instagram.com\/buenaondasurf\/\"]}]}<\/script>\n<!-- \/ Yoast SEO plugin. -->","yoast_head_json":{"title":"Wakeboard- und Wasserski-Kurs - Buenaonda Surf","description":"Wasserski ist ein Wassersport, der Geschwindigkeit und Adrenalin kombiniert. Ein Athlet wird von einem Motorboot auf speziellen Skiern durch das Wasser gezogen. Ziel ist es, Gleichgewicht und Geschwindigkeit zu halten und spektakul\u00e4re Akrobatik und Man\u00f6ver auszuf\u00fchren.","robots":{"index":"index","follow":"follow","max-snippet":"max-snippet:-1","max-image-preview":"max-image-preview:large","max-video-preview":"max-video-preview:-1"},"canonical":"https:\/\/buenaondasurf.com\/de\/kurse\/wakeboard-and-water-skiing-course\/","og_locale":"de_DE","og_type":"article","og_title":"Wakeboard- und Wasserski-Kurs - Buenaonda Surf","og_description":"Wasserski ist ein Wassersport, der Geschwindigkeit und Adrenalin kombiniert. Ein Athlet wird von einem Motorboot auf speziellen Skiern durch das Wasser gezogen. Ziel ist es, Gleichgewicht und Geschwindigkeit zu halten und spektakul\u00e4re Akrobatik und Man\u00f6ver auszuf\u00fchren.","og_url":"https:\/\/buenaondasurf.com\/de\/kurse\/wakeboard-and-water-skiing-course\/","og_site_name":"Buenaonda Surf","article_publisher":"https:\/\/www.facebook.com\/people\/Buenaondasurf\/100037188225705\/","article_modified_time":"2025-03-18T15:33:05+00:00","og_image":[{"width":1707,"height":1280,"url":"https:\/\/buenaondasurf.com\/wp-content\/uploads\/2024\/02\/Attivita-Wakeboard-Camp-Estivi-per-ragazzi-Olbia-Sardegna-8.jpg","type":"image\/jpeg"}],"twitter_card":"summary_large_image","twitter_misc":{"Gesch\u00e4tzte Lesezeit":"5\u00a0Minuten"},"schema":{"@context":"https:\/\/schema.org","@graph":[{"@type":"WebPage","@id":"https:\/\/buenaondasurf.com\/de\/kurse\/wakeboard-and-water-skiing-course\/","url":"https:\/\/buenaondasurf.com\/de\/kurse\/wakeboard-and-water-skiing-course\/","name":"Wakeboard- und Wasserski-Kurs - Buenaonda Surf","isPartOf":{"@id":"https:\/\/buenaondasurf.com\/de\/#website"},"primaryImageOfPage":{"@id":"https:\/\/buenaondasurf.com\/de\/kurse\/wakeboard-and-water-skiing-course\/#primaryimage"},"image":{"@id":"https:\/\/buenaondasurf.com\/de\/kurse\/wakeboard-and-water-skiing-course\/#primaryimage"},"thumbnailUrl":"https:\/\/buenaondasurf.com\/wp-content\/uploads\/2024\/02\/Attivita-Wakeboard-Camp-Estivi-per-ragazzi-Olbia-Sardegna-8.jpg","datePublished":"2024-02-22T08:17:32+00:00","dateModified":"2025-03-18T15:33:05+00:00","description":"Wasserski ist ein Wassersport, der Geschwindigkeit und Adrenalin kombiniert. Ein Athlet wird von einem Motorboot auf speziellen Skiern durch das Wasser gezogen. Ziel ist es, Gleichgewicht und Geschwindigkeit zu halten und spektakul\u00e4re Akrobatik und Man\u00f6ver auszuf\u00fchren.","breadcrumb":{"@id":"https:\/\/buenaondasurf.com\/de\/kurse\/wakeboard-and-water-skiing-course\/#breadcrumb"},"inLanguage":"de","potentialAction":[{"@type":"ReadAction","target":["https:\/\/buenaondasurf.com\/de\/kurse\/wakeboard-and-water-skiing-course\/"]}]},{"@type":"ImageObject","inLanguage":"de","@id":"https:\/\/buenaondasurf.com\/de\/kurse\/wakeboard-and-water-skiing-course\/#primaryimage","url":"https:\/\/buenaondasurf.com\/wp-content\/uploads\/2024\/02\/Attivita-Wakeboard-Camp-Estivi-per-ragazzi-Olbia-Sardegna-8.jpg","contentUrl":"https:\/\/buenaondasurf.com\/wp-content\/uploads\/2024\/02\/Attivita-Wakeboard-Camp-Estivi-per-ragazzi-Olbia-Sardegna-8.jpg","width":1707,"height":1280},{"@type":"BreadcrumbList","@id":"https:\/\/buenaondasurf.com\/de\/kurse\/wakeboard-and-water-skiing-course\/#breadcrumb","itemListElement":[{"@type":"ListItem","position":1,"name":"Home","item":"https:\/\/buenaondasurf.com\/de\/"},{"@type":"ListItem","position":2,"name":"Kurse","item":"https:\/\/buenaondasurf.com\/de\/kurse\/"},{"@type":"ListItem","position":3,"name":"Wakeboard- und Wasserski-Kurs"}]},{"@type":"WebSite","@id":"https:\/\/buenaondasurf.com\/de\/#website","url":"https:\/\/buenaondasurf.com\/de\/","name":"Buenaonda Surf","description":"Amiamo il mare, il vento e lo sport","publisher":{"@id":"https:\/\/buenaondasurf.com\/de\/#organization"},"potentialAction":[{"@type":"SearchAction","target":{"@type":"EntryPoint","urlTemplate":"https:\/\/buenaondasurf.com\/de\/?s={search_term_string}"},"query-input":{"@type":"PropertyValueSpecification","valueRequired":true,"valueName":"search_term_string"}}],"inLanguage":"de"},{"@type":"Organization","@id":"https:\/\/buenaondasurf.com\/de\/#organization","name":"Buenaonda Surf","url":"https:\/\/buenaondasurf.com\/de\/","logo":{"@type":"ImageObject","inLanguage":"de","@id":"https:\/\/buenaondasurf.com\/de\/#\/schema\/logo\/image\/","url":"https:\/\/buenaondasurf.com\/wp-content\/uploads\/2024\/02\/logo_buena_vector_300.png","contentUrl":"https:\/\/buenaondasurf.com\/wp-content\/uploads\/2024\/02\/logo_buena_vector_300.png","width":300,"height":299,"caption":"Buenaonda Surf"},"image":{"@id":"https:\/\/buenaondasurf.com\/de\/#\/schema\/logo\/image\/"},"sameAs":["https:\/\/www.facebook.com\/people\/Buenaondasurf\/100037188225705\/","https:\/\/www.instagram.com\/buenaondasurf\/"]}]}},"_links":{"self":[{"href":"https:\/\/buenaondasurf.com\/de\/wp-json\/wp\/v2\/pages\/3894","targetHints":{"allow":["GET"]}}],"collection":[{"href":"https:\/\/buenaondasurf.com\/de\/wp-json\/wp\/v2\/pages"}],"about":[{"href":"https:\/\/buenaondasurf.com\/de\/wp-json\/wp\/v2\/types\/page"}],"author":[{"embeddable":true,"href":"https:\/\/buenaondasurf.com\/de\/wp-json\/wp\/v2\/users\/1"}],"replies":[{"embeddable":true,"href":"https:\/\/buenaondasurf.com\/de\/wp-json\/wp\/v2\/comments?post=3894"}],"version-history":[{"count":3,"href":"https:\/\/buenaondasurf.com\/de\/wp-json\/wp\/v2\/pages\/3894\/revisions"}],"predecessor-version":[{"id":4184,"href":"https:\/\/buenaondasurf.com\/de\/wp-json\/wp\/v2\/pages\/3894\/revisions\/4184"}],"up":[{"embeddable":true,"href":"https:\/\/buenaondasurf.com\/de\/wp-json\/wp\/v2\/pages\/3884"}],"wp:featuredmedia":[{"embeddable":true,"href":"https:\/\/buenaondasurf.com\/de\/wp-json\/wp\/v2\/media\/3895"}],"wp:attachment":[{"href":"https:\/\/buenaondasurf.com\/de\/wp-json\/wp\/v2\/media?parent=3894"}],"curies":[{"name":"wp","href":"https:\/\/api.w.org\/{rel}","templated":true}]}}