{"id":3888,"date":"2018-11-16T16:11:39","date_gmt":"2018-11-16T16:11:39","guid":{"rendered":"https:\/\/buenaondasurf.com\/courses\/sailing-course\/"},"modified":"2025-03-18T15:36:04","modified_gmt":"2025-03-18T15:36:04","slug":"segelkurs","status":"publish","type":"page","link":"https:\/\/buenaondasurf.com\/de\/kurse\/segelkurs\/","title":{"rendered":"Segelkurs"},"content":{"rendered":"<div class=\"wpb-content-wrapper\"><p>[vc_row css=&#8220;.vc_custom_1560778311219{margin-bottom: -20px !important;}&#8220;][vc_column css=&#8220;.vc_custom_1560779090423{padding-bottom: 40px !important;}&#8220;]<div id=\"ultimate-heading-352269ff183253463\" class=\"uvc-heading ult-adjust-bottom-margin ultimate-heading-352269ff183253463 uvc-4396 accent-subtitle-color\" data-hspacer=\"no_spacer\"  data-halign=\"left\" style=\"text-align:left\"><div class=\"uvc-heading-spacer no_spacer\" style=\"top\"><\/div><div class=\"uvc-main-heading ult-responsive\"  data-ultimate-target='.uvc-heading.ultimate-heading-352269ff183253463 h3'  data-responsive-json-new='{\"font-size\":\"desktop:30px;\",\"line-height\":\"desktop:40px;\"}' ><h3 style=\"font-weight:bold;margin-bottom:5px;\">Das Meer entdecken: Ein aufregender Segelkurs f\u00fcr Kinder und Erwachsene jeden Alters<\/h3><\/div><div class=\"uvc-sub-heading ult-responsive\"  data-ultimate-target='.uvc-heading.ultimate-heading-352269ff183253463 .uvc-sub-heading '  data-responsive-json-new='{\"font-size\":\"desktop:20px;\",\"line-height\":\"desktop:30px;\"}'  style=\"font-weight:normal;margin-bottom:20px;\"><br \/>\nWenn Sie ein junger Mensch mit Leidenschaft f\u00fcr das Meer sind und segeln lernen m\u00f6chten, dann ist dieser Segelkurs perfekt f\u00fcr Sie. Von der Theorie bis zur Praxis werden wir die Grundlagen des Segelns und die Phasen des Kurses erkunden, die Sie zu aufregenden Abenteuern f\u00fchren werden. Entdecken Sie, was die Kinder in diesem Kurs lernen und bereiten Sie sich darauf vor, eine Reihe von F\u00e4higkeiten in der Welt des Segelns zu erwerben.<br \/>\nWas Sie in unserem Segelkurs lernen werden:<br \/>\n<\/div><\/div>[vc_row_inner equal_height=&#8220;yes&#8220;][vc_column_inner width=&#8220;1\/2&#8243;]<div class=\"standard-arrow bullet-top\"><p>Theoretische Grundlagen<br \/>\nArten von Segeln<br \/>\nSicherheitsregeln<br \/>\nPraktische F\u00e4higkeiten (Ruder- und Segelkontrolle)<br \/>\nWetterbedingungen interpretieren<br \/>\nIm Team arbeiten<\/p>\n<\/div>[\/vc_column_inner][vc_column_inner width=&#8220;1\/2&#8243;]<div class=\"standard-arrow bullet-top\"><p>Effektiv kommunizieren<br \/>\nSchnelle Entscheidungen bei Wind\u00e4nderungen treffen<br \/>\nRessourcen an Bord verwalten<br \/>\nErkundung der Meeresumwelt<\/p>\n<\/div>[\/vc_column_inner][\/vc_row_inner][\/vc_column][\/vc_row][vc_row][vc_column css=&#8220;.vc_custom_1560778479070{padding-bottom: 50px !important;}&#8220;]<style type=\"text\/css\" data-type=\"the7_shortcodes-inline-css\">.shortcode-single-image-wrap.shortcode-single-image-f4e2320fdeeb9dec80b27d3078a67e16.enable-bg-rollover .rollover i,\n.shortcode-single-image-wrap.shortcode-single-image-f4e2320fdeeb9dec80b27d3078a67e16.enable-bg-rollover .rollover-video i {\n  background: -webkit-linear-gradient();\n  background: linear-gradient();\n}\n.shortcode-single-image-wrap.shortcode-single-image-f4e2320fdeeb9dec80b27d3078a67e16 .rollover-icon {\n  font-size: 32px;\n  color: #ffffff;\n  min-width: 44px;\n  min-height: 44px;\n  line-height: 44px;\n  border-radius: 100px;\n  border-style: solid;\n  border-width: 0px;\n}\n.dt-icon-bg-on.shortcode-single-image-wrap.shortcode-single-image-f4e2320fdeeb9dec80b27d3078a67e16 .rollover-icon {\n  background: rgba(255,255,255,0.3);\n  box-shadow: none;\n}\n<\/style><div class=\"shortcode-single-image-wrap shortcode-single-image-f4e2320fdeeb9dec80b27d3078a67e16 alignnone  enable-bg-rollover dt-icon-bg-off\" style=\"margin-top:0px; margin-bottom:0px; margin-left:0px; margin-right:0px; width:1600px;\" data-pretty-share=\"facebook,whatsapp\"><div class=\"shortcode-single-image\"><div class=\"fancy-media-wrap  layzr-bg\" style=\"\"><img fetchpriority=\"high\" decoding=\"async\" class=\"preload-me lazy-load aspect\" src=\"data:image\/svg+xml,%3Csvg%20xmlns%3D&#39;http%3A%2F%2Fwww.w3.org%2F2000%2Fsvg&#39;%20viewBox%3D&#39;0%200%20853%20852&#39;%2F%3E\" data-src=\"https:\/\/buenaondasurf.com\/wp-content\/uploads\/2024\/02\/Escursioni-Summer-CAMP-Olbia-Sardegna-10-853x852.jpg\" data-srcset=\"https:\/\/buenaondasurf.com\/wp-content\/uploads\/2024\/02\/Escursioni-Summer-CAMP-Olbia-Sardegna-10-853x852.jpg 853w\" loading=\"eager\" sizes=\"(max-width: 853px) 100vw, 853px\" width=\"853\" height=\"852\"  data-dt-location=\"https:\/\/buenaondasurf.com\/de\/dt_gallery\/barca-a-vela\/escursioni-summer-camp-olbia-sardegna-10\/\" style=\"--ratio: 853 \/ 852;\" alt=\"\" \/><\/div><\/div><\/div>[\/vc_column][\/vc_row][vc_row][vc_column width=&#8220;1\/2&#8243; css=&#8220;.vc_custom_1560779179438{margin-bottom: -20px !important;}&#8220;]<div id=\"ultimate-heading-429069ff18325438b\" class=\"uvc-heading ult-adjust-bottom-margin ultimate-heading-429069ff18325438b uvc-3552 accent-subtitle-color\" data-hspacer=\"no_spacer\"  data-halign=\"left\" style=\"text-align:left\"><div class=\"uvc-heading-spacer no_spacer\" style=\"top\"><\/div><div class=\"uvc-main-heading ult-responsive\"  data-ultimate-target='.uvc-heading.ultimate-heading-429069ff18325438b h3'  data-responsive-json-new='{\"font-size\":\"desktop:25px;\",\"line-height\":\"desktop:35px;\"}' ><h3 style=\"font-weight:bold;margin-bottom:5px;\">Die Grundlagen des Segelns: Von der Theorie zur Praxis<\/h3><\/div><\/div>[vc_column_text css=&#8220;.vc_custom_1711620199268{margin-top: 20px !important;padding-bottom: 30px !important;}&#8220;]<br \/>\nIm Segelkurs werden die Teilnehmer in die theoretischen Grundlagen dieses faszinierenden Sports eingef\u00fchrt. Sie lernen die Grundlagen des Segelns, wie z. B. nautische Terminologie, die wichtigsten Seeknoten und Sicherheitsregeln auf See. Anschlie\u00dfend gehen sie zur praktischen Phase \u00fcber, in der sie das in den Theorielektionen Gelernte in die Praxis umsetzen k\u00f6nnen. Unter der sorgf\u00e4ltigen Anleitung erfahrener Instruktoren lernen die Kinder, ein Segelboot zu man\u00f6vrieren, die Segel zu bedienen und sich im Wind zu orientieren. Diese praktische Erfahrung erm\u00f6glicht es ihnen, sich mit der Meeresumwelt vertraut zu machen und wichtige Navigationsf\u00e4higkeiten zu entwickeln, um komplexere Abenteuer auf offener See zu bestehen.<br \/>\n[\/vc_column_text][\/vc_column][vc_column width=&#8220;1\/2&#8243;]<div id=\"ultimate-heading-278969ff1832543cb\" class=\"uvc-heading ult-adjust-bottom-margin ultimate-heading-278969ff1832543cb uvc-64 accent-subtitle-color\" data-hspacer=\"no_spacer\"  data-halign=\"left\" style=\"text-align:left\"><div class=\"uvc-heading-spacer no_spacer\" style=\"top\"><\/div><div class=\"uvc-main-heading ult-responsive\"  data-ultimate-target='.uvc-heading.ultimate-heading-278969ff1832543cb h3'  data-responsive-json-new='{\"font-size\":\"desktop:25px;\",\"line-height\":\"desktop:35px;\"}' ><h3 style=\"font-weight:bold;margin-bottom:5px;\">Segeln ins Abenteuer: Die Phasen des Segelkurses<\/h3><\/div><\/div>[vc_column_text css=&#8220;.vc_custom_1711620228067{margin-top: 20px !important;padding-bottom: 30px !important;}&#8220;]<br \/>\nDie Phasen des Segelkurses sind eine echte Reise ins Abenteuer. Junge Segler beginnen mit den theoretischen Grundlagen und lernen die Grundprinzipien des Segelns und die Bedeutung der Sicherheit auf See. Anschlie\u00dfend gehen sie zur Praxis \u00fcber und setzen ihr erworbenes Wissen an Bord eines Bootes in die Praxis um. In dieser Phase lernen sie, die Segel zu man\u00f6vrieren, bei verschiedenen Wetterbedingungen zu navigieren und Notsituationen zu bew\u00e4ltigen. Diese Erfahrung gibt ihnen die M\u00f6glichkeit, praktische F\u00e4higkeiten wie Teamarbeit, F\u00fchrungsqualit\u00e4ten und die F\u00e4higkeit, schnelle Entscheidungen zu treffen, zu entwickeln. Segeln ins Abenteuer ist eine aufregende Reise, die es jungen Seglern erm\u00f6glicht, das Meer und sich selbst auf einzigartige und anregende Weise zu entdecken.<br \/>\n[\/vc_column_text][\/vc_column][\/vc_row][vc_row][vc_column css=&#8220;.vc_custom_1560779179438{margin-bottom: -20px !important;}&#8220;][\/vc_column][\/vc_row][vc_row][vc_column css=&#8220;.vc_custom_1560779179438{margin-bottom: -20px !important;}&#8220;]<div id=\"ultimate-heading-864569ff1832543fc\" class=\"uvc-heading ult-adjust-bottom-margin ultimate-heading-864569ff1832543fc uvc-9395 accent-subtitle-color\" data-hspacer=\"no_spacer\"  data-halign=\"left\" style=\"text-align:left\"><div class=\"uvc-heading-spacer no_spacer\" style=\"top\"><\/div><div class=\"uvc-main-heading ult-responsive\"  data-ultimate-target='.uvc-heading.ultimate-heading-864569ff1832543fc h3'  data-responsive-json-new='{\"font-size\":\"desktop:30px;\",\"line-height\":\"desktop:40px;\"}' ><h3 style=\"font-weight:bold;margin-bottom:5px;\">Eine Flotte von F\u00e4higkeiten: Was wir im Segelkurs lernen<\/h3><\/div><\/div><style type=\"text\/css\" data-type=\"the7_shortcodes-inline-css\">.shortcode-single-image-wrap.shortcode-single-image-a939856bcdff340c97131fa6aba6a683.enable-bg-rollover .rollover i,\n.shortcode-single-image-wrap.shortcode-single-image-a939856bcdff340c97131fa6aba6a683.enable-bg-rollover .rollover-video i {\n  background: -webkit-linear-gradient();\n  background: linear-gradient();\n}\n.shortcode-single-image-wrap.shortcode-single-image-a939856bcdff340c97131fa6aba6a683 .rollover-icon {\n  font-size: 32px;\n  color: #ffffff;\n  min-width: 44px;\n  min-height: 44px;\n  line-height: 44px;\n  border-radius: 100px;\n  border-style: solid;\n  border-width: 0px;\n}\n.dt-icon-bg-on.shortcode-single-image-wrap.shortcode-single-image-a939856bcdff340c97131fa6aba6a683 .rollover-icon {\n  background: rgba(255,255,255,0.3);\n  box-shadow: none;\n}\n<\/style><div class=\"shortcode-single-image-wrap shortcode-single-image-a939856bcdff340c97131fa6aba6a683 alignnone  vc_custom_1711474894495 enable-bg-rollover dt-icon-bg-off\"  data-pretty-share=\"facebook,whatsapp\"><div class=\"shortcode-single-image\"><div class=\"fancy-media-wrap  layzr-bg\" style=\"\"><img decoding=\"async\" class=\"preload-me lazy-load aspect\" src=\"data:image\/svg+xml,%3Csvg%20xmlns%3D&#39;http%3A%2F%2Fwww.w3.org%2F2000%2Fsvg&#39;%20viewBox%3D&#39;0%200%201600%20800&#39;%2F%3E\" data-src=\"https:\/\/buenaondasurf.com\/wp-content\/uploads\/2024\/02\/Escursioni-Summer-CAMP-Olbia-Sardegna-30-1600x800.jpg\" data-srcset=\"https:\/\/buenaondasurf.com\/wp-content\/uploads\/2024\/02\/Escursioni-Summer-CAMP-Olbia-Sardegna-30-1600x800.jpg 1600w, https:\/\/buenaondasurf.com\/wp-content\/uploads\/2024\/02\/Escursioni-Summer-CAMP-Olbia-Sardegna-30-1920x960.jpg 1920w\" loading=\"eager\" sizes=\"(max-width: 1600px) 100vw, 1600px\" width=\"1600\" height=\"800\"  data-dt-location=\"https:\/\/buenaondasurf.com\/de\/dt_gallery\/barca-a-vela\/escursioni-summer-camp-olbia-sardegna-30\/\" style=\"--ratio: 1600 \/ 800;\" alt=\"\" \/><\/div><\/div><\/div>[vc_column_text css=&#8220;.vc_custom_1711620521104{padding-bottom: 30px !important;}&#8220;]<br \/>\nIn einem Segelkurs lernen die Teilnehmer eine breite Palette von F\u00e4higkeiten, die \u00fcber das blo\u00dfe Segeln hinausgehen. Neben dem Erwerb der theoretischen Grundlagen des Segelns, wie z. B. die verschiedenen Arten von Segeln und Sicherheitsregeln, entwickeln junge Segler auch praktische F\u00e4higkeiten wie die Kontrolle von Ruder und Segeln. Sie lernen, Wetterbedingungen zu interpretieren und schnelle Entscheidungen zu treffen, um sich an Ver\u00e4nderungen von Wind und Str\u00f6mungen anzupassen. Dar\u00fcber hinaus lernen sie durch die Arbeit im Team, effektiv zu kommunizieren, kollektive Entscheidungen zu treffen und Ressourcen an Bord zu verwalten. Dieser Segelkurs bietet jungen Menschen die M\u00f6glichkeit, nicht nur als Segler, sondern auch als Individuen mit sozialen und F\u00fchrungsqualit\u00e4ten zu wachsen.<br \/>\nDas Meer durch einen Segelkurs zu erkunden, ist ein aufregendes Erlebnis f\u00fcr junge Segler. Von der Theorie bis zur Praxis lernen sie die Grundlagen des Segelns und stellen sich den Herausforderungen des Abenteuers auf See. Aber \u00fcber das Segeln hinaus entwickeln sie eine Flotte von F\u00e4higkeiten, die sie ein Leben lang begleiten werden. Welche anderen Abenteuer k\u00f6nnten sie dank des Gelernten unternehmen?<br \/>\n[\/vc_column_text][\/vc_column][\/vc_row][vc_row css=&#8220;.vc_custom_1711475468358{margin-top: 30px !important;border-top-width: 2px !important;padding-top: 20px !important<\/p>\n<\/div>","protected":false},"excerpt":{"rendered":"<p>[vc_row css=&#8220;.vc_custom_1560778311219{margin-bottom: -20px !important;}&#8220;][vc_column css=&#8220;.vc_custom_1560779090423{padding-bottom: 40px !important;}&#8220;][vc_row_inner equal_height=&#8220;yes&#8220;][vc_column_inner width=&#8220;1\/2&#8243;][\/vc_column_inner][vc_column_inner width=&#8220;1\/2&#8243;][\/vc_column_inner][\/vc_row_inner][\/vc_column][\/vc_row][vc_row][vc_column css=&#8220;.vc_custom_1560778479070{padding-bottom: 50px !important;}&#8220;][\/vc_column][\/vc_row][vc_row][vc_column width=&#8220;1\/2&#8243; css=&#8220;.vc_custom_1560779179438{margin-bottom: -20px !important;}&#8220;][vc_column_text css=&#8220;.vc_custom_1711620199268{margin-top: 20px !important;padding-bottom: 30px !important;}&#8220;] Im Segelkurs werden die Teilnehmer in die theoretischen Grundlagen dieses faszinierenden Sports eingef\u00fchrt. Sie lernen die Grundlagen des Segelns, wie z. B. nautische Terminologie, die wichtigsten Seeknoten und Sicherheitsregeln auf See. Anschlie\u00dfend gehen&hellip;<\/p>\n","protected":false},"author":1,"featured_media":3890,"parent":3884,"menu_order":2,"comment_status":"closed","ping_status":"closed","template":"","meta":{"footnotes":""},"class_list":["post-3888","page","type-page","status-publish","has-post-thumbnail","hentry","description-off"],"yoast_head":"<!-- This site is optimized with the Yoast SEO plugin v24.6 - https:\/\/yoast.com\/wordpress\/plugins\/seo\/ -->\n<title>Segelkurs - Buenaonda Surf - Sardinia<\/title>\n<meta name=\"description\" content=\"Das Meer entdecken: Ein aufregender Segelkurs f\u00fcr Kinder und Erwachsene jeden Alters. Entdecken Sie, was die Kinder in diesem Kurs lernen und bereiten Sie sich darauf vor, eine Reihe von F\u00e4higkeiten in der Welt des Segelns zu erwerben.\" \/>\n<meta name=\"robots\" content=\"index, follow, max-snippet:-1, max-image-preview:large, max-video-preview:-1\" \/>\n<link rel=\"canonical\" href=\"https:\/\/buenaondasurf.com\/de\/kurse\/segelkurs\/\" \/>\n<meta property=\"og:locale\" content=\"de_DE\" \/>\n<meta property=\"og:type\" content=\"article\" \/>\n<meta property=\"og:title\" content=\"Segelkurs - Buenaonda Surf - Sardinia\" \/>\n<meta property=\"og:description\" content=\"Das Meer entdecken: Ein aufregender Segelkurs f\u00fcr Kinder und Erwachsene jeden Alters. Entdecken Sie, was die Kinder in diesem Kurs lernen und bereiten Sie sich darauf vor, eine Reihe von F\u00e4higkeiten in der Welt des Segelns zu erwerben.\" \/>\n<meta property=\"og:url\" content=\"https:\/\/buenaondasurf.com\/de\/kurse\/segelkurs\/\" \/>\n<meta property=\"og:site_name\" content=\"Buenaonda Surf\" \/>\n<meta property=\"article:publisher\" content=\"https:\/\/www.facebook.com\/people\/Buenaondasurf\/100037188225705\/\" \/>\n<meta property=\"article:modified_time\" content=\"2025-03-18T15:36:04+00:00\" \/>\n<meta property=\"og:image\" content=\"https:\/\/buenaondasurf.com\/wp-content\/uploads\/2024\/02\/Escursioni-Summer-CAMP-Olbia-Sardegna-30.jpg\" \/>\n\t<meta property=\"og:image:width\" content=\"1920\" \/>\n\t<meta property=\"og:image:height\" content=\"1280\" \/>\n\t<meta property=\"og:image:type\" content=\"image\/jpeg\" \/>\n<meta name=\"twitter:card\" content=\"summary_large_image\" \/>\n<meta name=\"twitter:label1\" content=\"Gesch\u00e4tzte Lesezeit\" \/>\n\t<meta name=\"twitter:data1\" content=\"7\u00a0Minuten\" \/>\n<script type=\"application\/ld+json\" class=\"yoast-schema-graph\">{\"@context\":\"https:\/\/schema.org\",\"@graph\":[{\"@type\":\"WebPage\",\"@id\":\"https:\/\/buenaondasurf.com\/de\/kurse\/segelkurs\/\",\"url\":\"https:\/\/buenaondasurf.com\/de\/kurse\/segelkurs\/\",\"name\":\"Segelkurs - Buenaonda Surf - Sardinia\",\"isPartOf\":{\"@id\":\"https:\/\/buenaondasurf.com\/de\/#website\"},\"primaryImageOfPage\":{\"@id\":\"https:\/\/buenaondasurf.com\/de\/kurse\/segelkurs\/#primaryimage\"},\"image\":{\"@id\":\"https:\/\/buenaondasurf.com\/de\/kurse\/segelkurs\/#primaryimage\"},\"thumbnailUrl\":\"https:\/\/buenaondasurf.com\/wp-content\/uploads\/2024\/02\/Escursioni-Summer-CAMP-Olbia-Sardegna-30.jpg\",\"datePublished\":\"2018-11-16T16:11:39+00:00\",\"dateModified\":\"2025-03-18T15:36:04+00:00\",\"description\":\"Das Meer entdecken: Ein aufregender Segelkurs f\u00fcr Kinder und Erwachsene jeden Alters. Entdecken Sie, was die Kinder in diesem Kurs lernen und bereiten Sie sich darauf vor, eine Reihe von F\u00e4higkeiten in der Welt des Segelns zu erwerben.\",\"breadcrumb\":{\"@id\":\"https:\/\/buenaondasurf.com\/de\/kurse\/segelkurs\/#breadcrumb\"},\"inLanguage\":\"de\",\"potentialAction\":[{\"@type\":\"ReadAction\",\"target\":[\"https:\/\/buenaondasurf.com\/de\/kurse\/segelkurs\/\"]}]},{\"@type\":\"ImageObject\",\"inLanguage\":\"de\",\"@id\":\"https:\/\/buenaondasurf.com\/de\/kurse\/segelkurs\/#primaryimage\",\"url\":\"https:\/\/buenaondasurf.com\/wp-content\/uploads\/2024\/02\/Escursioni-Summer-CAMP-Olbia-Sardegna-30.jpg\",\"contentUrl\":\"https:\/\/buenaondasurf.com\/wp-content\/uploads\/2024\/02\/Escursioni-Summer-CAMP-Olbia-Sardegna-30.jpg\",\"width\":1920,\"height\":1280},{\"@type\":\"BreadcrumbList\",\"@id\":\"https:\/\/buenaondasurf.com\/de\/kurse\/segelkurs\/#breadcrumb\",\"itemListElement\":[{\"@type\":\"ListItem\",\"position\":1,\"name\":\"Home\",\"item\":\"https:\/\/buenaondasurf.com\/de\/\"},{\"@type\":\"ListItem\",\"position\":2,\"name\":\"Kurse\",\"item\":\"https:\/\/buenaondasurf.com\/de\/kurse\/\"},{\"@type\":\"ListItem\",\"position\":3,\"name\":\"Segelkurs\"}]},{\"@type\":\"WebSite\",\"@id\":\"https:\/\/buenaondasurf.com\/de\/#website\",\"url\":\"https:\/\/buenaondasurf.com\/de\/\",\"name\":\"Buenaonda Surf\",\"description\":\"Amiamo il mare, il vento e lo sport\",\"publisher\":{\"@id\":\"https:\/\/buenaondasurf.com\/de\/#organization\"},\"potentialAction\":[{\"@type\":\"SearchAction\",\"target\":{\"@type\":\"EntryPoint\",\"urlTemplate\":\"https:\/\/buenaondasurf.com\/de\/?s={search_term_string}\"},\"query-input\":{\"@type\":\"PropertyValueSpecification\",\"valueRequired\":true,\"valueName\":\"search_term_string\"}}],\"inLanguage\":\"de\"},{\"@type\":\"Organization\",\"@id\":\"https:\/\/buenaondasurf.com\/de\/#organization\",\"name\":\"Buenaonda Surf\",\"url\":\"https:\/\/buenaondasurf.com\/de\/\",\"logo\":{\"@type\":\"ImageObject\",\"inLanguage\":\"de\",\"@id\":\"https:\/\/buenaondasurf.com\/de\/#\/schema\/logo\/image\/\",\"url\":\"https:\/\/buenaondasurf.com\/wp-content\/uploads\/2024\/02\/logo_buena_vector_300.png\",\"contentUrl\":\"https:\/\/buenaondasurf.com\/wp-content\/uploads\/2024\/02\/logo_buena_vector_300.png\",\"width\":300,\"height\":299,\"caption\":\"Buenaonda Surf\"},\"image\":{\"@id\":\"https:\/\/buenaondasurf.com\/de\/#\/schema\/logo\/image\/\"},\"sameAs\":[\"https:\/\/www.facebook.com\/people\/Buenaondasurf\/100037188225705\/\",\"https:\/\/www.instagram.com\/buenaondasurf\/\"]}]}<\/script>\n<!-- \/ Yoast SEO plugin. -->","yoast_head_json":{"title":"Segelkurs - Buenaonda Surf - Sardinia","description":"Das Meer entdecken: Ein aufregender Segelkurs f\u00fcr Kinder und Erwachsene jeden Alters. Entdecken Sie, was die Kinder in diesem Kurs lernen und bereiten Sie sich darauf vor, eine Reihe von F\u00e4higkeiten in der Welt des Segelns zu erwerben.","robots":{"index":"index","follow":"follow","max-snippet":"max-snippet:-1","max-image-preview":"max-image-preview:large","max-video-preview":"max-video-preview:-1"},"canonical":"https:\/\/buenaondasurf.com\/de\/kurse\/segelkurs\/","og_locale":"de_DE","og_type":"article","og_title":"Segelkurs - Buenaonda Surf - Sardinia","og_description":"Das Meer entdecken: Ein aufregender Segelkurs f\u00fcr Kinder und Erwachsene jeden Alters. Entdecken Sie, was die Kinder in diesem Kurs lernen und bereiten Sie sich darauf vor, eine Reihe von F\u00e4higkeiten in der Welt des Segelns zu erwerben.","og_url":"https:\/\/buenaondasurf.com\/de\/kurse\/segelkurs\/","og_site_name":"Buenaonda Surf","article_publisher":"https:\/\/www.facebook.com\/people\/Buenaondasurf\/100037188225705\/","article_modified_time":"2025-03-18T15:36:04+00:00","og_image":[{"width":1920,"height":1280,"url":"https:\/\/buenaondasurf.com\/wp-content\/uploads\/2024\/02\/Escursioni-Summer-CAMP-Olbia-Sardegna-30.jpg","type":"image\/jpeg"}],"twitter_card":"summary_large_image","twitter_misc":{"Gesch\u00e4tzte Lesezeit":"7\u00a0Minuten"},"schema":{"@context":"https:\/\/schema.org","@graph":[{"@type":"WebPage","@id":"https:\/\/buenaondasurf.com\/de\/kurse\/segelkurs\/","url":"https:\/\/buenaondasurf.com\/de\/kurse\/segelkurs\/","name":"Segelkurs - Buenaonda Surf - Sardinia","isPartOf":{"@id":"https:\/\/buenaondasurf.com\/de\/#website"},"primaryImageOfPage":{"@id":"https:\/\/buenaondasurf.com\/de\/kurse\/segelkurs\/#primaryimage"},"image":{"@id":"https:\/\/buenaondasurf.com\/de\/kurse\/segelkurs\/#primaryimage"},"thumbnailUrl":"https:\/\/buenaondasurf.com\/wp-content\/uploads\/2024\/02\/Escursioni-Summer-CAMP-Olbia-Sardegna-30.jpg","datePublished":"2018-11-16T16:11:39+00:00","dateModified":"2025-03-18T15:36:04+00:00","description":"Das Meer entdecken: Ein aufregender Segelkurs f\u00fcr Kinder und Erwachsene jeden Alters. Entdecken Sie, was die Kinder in diesem Kurs lernen und bereiten Sie sich darauf vor, eine Reihe von F\u00e4higkeiten in der Welt des Segelns zu erwerben.","breadcrumb":{"@id":"https:\/\/buenaondasurf.com\/de\/kurse\/segelkurs\/#breadcrumb"},"inLanguage":"de","potentialAction":[{"@type":"ReadAction","target":["https:\/\/buenaondasurf.com\/de\/kurse\/segelkurs\/"]}]},{"@type":"ImageObject","inLanguage":"de","@id":"https:\/\/buenaondasurf.com\/de\/kurse\/segelkurs\/#primaryimage","url":"https:\/\/buenaondasurf.com\/wp-content\/uploads\/2024\/02\/Escursioni-Summer-CAMP-Olbia-Sardegna-30.jpg","contentUrl":"https:\/\/buenaondasurf.com\/wp-content\/uploads\/2024\/02\/Escursioni-Summer-CAMP-Olbia-Sardegna-30.jpg","width":1920,"height":1280},{"@type":"BreadcrumbList","@id":"https:\/\/buenaondasurf.com\/de\/kurse\/segelkurs\/#breadcrumb","itemListElement":[{"@type":"ListItem","position":1,"name":"Home","item":"https:\/\/buenaondasurf.com\/de\/"},{"@type":"ListItem","position":2,"name":"Kurse","item":"https:\/\/buenaondasurf.com\/de\/kurse\/"},{"@type":"ListItem","position":3,"name":"Segelkurs"}]},{"@type":"WebSite","@id":"https:\/\/buenaondasurf.com\/de\/#website","url":"https:\/\/buenaondasurf.com\/de\/","name":"Buenaonda Surf","description":"Amiamo il mare, il vento e lo sport","publisher":{"@id":"https:\/\/buenaondasurf.com\/de\/#organization"},"potentialAction":[{"@type":"SearchAction","target":{"@type":"EntryPoint","urlTemplate":"https:\/\/buenaondasurf.com\/de\/?s={search_term_string}"},"query-input":{"@type":"PropertyValueSpecification","valueRequired":true,"valueName":"search_term_string"}}],"inLanguage":"de"},{"@type":"Organization","@id":"https:\/\/buenaondasurf.com\/de\/#organization","name":"Buenaonda Surf","url":"https:\/\/buenaondasurf.com\/de\/","logo":{"@type":"ImageObject","inLanguage":"de","@id":"https:\/\/buenaondasurf.com\/de\/#\/schema\/logo\/image\/","url":"https:\/\/buenaondasurf.com\/wp-content\/uploads\/2024\/02\/logo_buena_vector_300.png","contentUrl":"https:\/\/buenaondasurf.com\/wp-content\/uploads\/2024\/02\/logo_buena_vector_300.png","width":300,"height":299,"caption":"Buenaonda Surf"},"image":{"@id":"https:\/\/buenaondasurf.com\/de\/#\/schema\/logo\/image\/"},"sameAs":["https:\/\/www.facebook.com\/people\/Buenaondasurf\/100037188225705\/","https:\/\/www.instagram.com\/buenaondasurf\/"]}]}},"_links":{"self":[{"href":"https:\/\/buenaondasurf.com\/de\/wp-json\/wp\/v2\/pages\/3888","targetHints":{"allow":["GET"]}}],"collection":[{"href":"https:\/\/buenaondasurf.com\/de\/wp-json\/wp\/v2\/pages"}],"about":[{"href":"https:\/\/buenaondasurf.com\/de\/wp-json\/wp\/v2\/types\/page"}],"author":[{"embeddable":true,"href":"https:\/\/buenaondasurf.com\/de\/wp-json\/wp\/v2\/users\/1"}],"replies":[{"embeddable":true,"href":"https:\/\/buenaondasurf.com\/de\/wp-json\/wp\/v2\/comments?post=3888"}],"version-history":[{"count":2,"href":"https:\/\/buenaondasurf.com\/de\/wp-json\/wp\/v2\/pages\/3888\/revisions"}],"predecessor-version":[{"id":4210,"href":"https:\/\/buenaondasurf.com\/de\/wp-json\/wp\/v2\/pages\/3888\/revisions\/4210"}],"up":[{"embeddable":true,"href":"https:\/\/buenaondasurf.com\/de\/wp-json\/wp\/v2\/pages\/3884"}],"wp:featuredmedia":[{"embeddable":true,"href":"https:\/\/buenaondasurf.com\/de\/wp-json\/wp\/v2\/media\/3890"}],"wp:attachment":[{"href":"https:\/\/buenaondasurf.com\/de\/wp-json\/wp\/v2\/media?parent=3888"}],"curies":[{"name":"wp","href":"https:\/\/api.w.org\/{rel}","templated":true}]}}