{"id":3886,"date":"2024-02-22T07:42:14","date_gmt":"2024-02-22T07:42:14","guid":{"rendered":"https:\/\/buenaondasurf.com\/courses\/catamaran-sailing-course\/"},"modified":"2025-03-18T15:39:05","modified_gmt":"2025-03-18T15:39:05","slug":"katamaran-segelkurs","status":"publish","type":"page","link":"https:\/\/buenaondasurf.com\/de\/kurse\/katamaran-segelkurs\/","title":{"rendered":"Katamaran-Segelkurs"},"content":{"rendered":"<div class=\"wpb-content-wrapper\"><p>[vc_row css=&#8220;.vc_custom_1560778311219{margin-bottom: -20px !important;}&#8220;][vc_column css=&#8220;.vc_custom_1560779090423{padding-bottom: 40px !important;}&#8220;]<div id=\"ultimate-heading-628169ff22f0dccc2\" class=\"uvc-heading ult-adjust-bottom-margin ultimate-heading-628169ff22f0dccc2 uvc-3898 accent-subtitle-color\" data-hspacer=\"no_spacer\"  data-halign=\"left\" style=\"text-align:left\"><div class=\"uvc-heading-spacer no_spacer\" style=\"top\"><\/div><div class=\"uvc-main-heading ult-responsive\"  data-ultimate-target='.uvc-heading.ultimate-heading-628169ff22f0dccc2 h3'  data-responsive-json-new='{\"font-size\":\"desktop:30px;\",\"line-height\":\"desktop:40px;\"}' ><h3 style=\"font-weight:bold;margin-bottom:5px;\">Jenseits des Horizonts: Ein Katamaran-Segelabenteuer<\/h3><\/div><div class=\"uvc-sub-heading ult-responsive\"  data-ultimate-target='.uvc-heading.ultimate-heading-628169ff22f0dccc2 .uvc-sub-heading '  data-responsive-json-new='{\"font-size\":\"desktop:20px;\",\"line-height\":\"desktop:30px;\"}'  style=\"font-weight:normal;margin-bottom:20px;\"><br \/>\nKatamaran-Segelkurs im Golf von Aranci auf Sardinien: Ein aufregendes Erlebnis, das Sie auf eine Reise durch Wind und Wellen mitnimmt und Ihnen die T\u00fcr zu einer Welt voller Emotionen und Entdeckungen \u00f6ffnet, in der Sie lernen, nicht nur die Sch\u00f6nheit des Segelns zu sch\u00e4tzen, sondern auch die Kraft der Zusammenarbeit und der Verbindung mit der Natur.<br \/>\nWas Sie in unserem Segelkurs lernen werden:<br \/>\n<\/div><\/div>[vc_row_inner equal_height=&#8220;yes&#8220;][vc_column_inner width=&#8220;1\/2&#8243;]<div class=\"standard-arrow bullet-top\"><p>Theoretische Grundlagen<br \/>\nArten von Segeln<br \/>\nSicherheitsregeln<br \/>\nPraktische F\u00e4higkeiten (Ruder- und Segelkontrolle)<br \/>\nWetterbedingungen interpretieren<br \/>\nIm Team arbeiten<\/p>\n<\/div>[\/vc_column_inner][vc_column_inner width=&#8220;1\/2&#8243;]<div class=\"standard-arrow bullet-top\"><p>Effektiv kommunizieren<br \/>\nSchnelle Entscheidungen bei Wind\u00e4nderungen treffen<br \/>\nRessourcen an Bord verwalten<br \/>\nErkundung der Meeresumwelt<\/p>\n<\/div>[\/vc_column_inner][\/vc_row_inner][\/vc_column][\/vc_row][vc_row][vc_column css=&#8220;.vc_custom_1560778479070{padding-bottom: 50px !important;}&#8220;]<style type=\"text\/css\" data-type=\"the7_shortcodes-inline-css\">.shortcode-single-image-wrap.shortcode-single-image-a504c4a76b9fc8dc6bc0e760589817c0.enable-bg-rollover .rollover i,\n.shortcode-single-image-wrap.shortcode-single-image-a504c4a76b9fc8dc6bc0e760589817c0.enable-bg-rollover .rollover-video i {\n  background: -webkit-linear-gradient();\n  background: linear-gradient();\n}\n.shortcode-single-image-wrap.shortcode-single-image-a504c4a76b9fc8dc6bc0e760589817c0 .rollover-icon {\n  font-size: 32px;\n  color: #ffffff;\n  min-width: 44px;\n  min-height: 44px;\n  line-height: 44px;\n  border-radius: 100px;\n  border-style: solid;\n  border-width: 0px;\n}\n.dt-icon-bg-on.shortcode-single-image-wrap.shortcode-single-image-a504c4a76b9fc8dc6bc0e760589817c0 .rollover-icon {\n  background: rgba(255,255,255,0.3);\n  box-shadow: none;\n}\n<\/style><div class=\"shortcode-single-image-wrap shortcode-single-image-a504c4a76b9fc8dc6bc0e760589817c0 alignnone  enable-bg-rollover dt-icon-bg-off\" style=\"margin-top:0px; margin-bottom:0px; margin-left:0px; margin-right:0px; width:1600px;\" data-pretty-share=\"facebook,whatsapp\"><div class=\"shortcode-single-image\"><div class=\"fancy-media-wrap  layzr-bg\" style=\"\"><img fetchpriority=\"high\" decoding=\"async\" class=\"preload-me lazy-load aspect\" src=\"data:image\/svg+xml,%3Csvg%20xmlns%3D&#39;http%3A%2F%2Fwww.w3.org%2F2000%2Fsvg&#39;%20viewBox%3D&#39;0%200%201600%20800&#39;%2F%3E\" data-src=\"https:\/\/buenaondasurf.com\/wp-content\/uploads\/2024\/02\/cat-1-1600x800.jpg\" data-srcset=\"https:\/\/buenaondasurf.com\/wp-content\/uploads\/2024\/02\/cat-1-1600x800.jpg 1600w, https:\/\/buenaondasurf.com\/wp-content\/uploads\/2024\/02\/cat-1-1920x960.jpg 1920w\" loading=\"eager\" sizes=\"(max-width: 1600px) 100vw, 1600px\" width=\"1600\" height=\"800\"  data-dt-location=\"https:\/\/buenaondasurf.com\/de\/cat-2\/\" style=\"--ratio: 1600 \/ 800;\" alt=\"\" \/><\/div><\/div><\/div>[\/vc_column][\/vc_row][vc_row][vc_column width=&#8220;1\/2&#8243; css=&#8220;.vc_custom_1560779179438{margin-bottom: -20px !important;}&#8220;]<div id=\"ultimate-heading-759969ff22f0de08d\" class=\"uvc-heading ult-adjust-bottom-margin ultimate-heading-759969ff22f0de08d uvc-2099 accent-subtitle-color\" data-hspacer=\"no_spacer\"  data-halign=\"left\" style=\"text-align:left\"><div class=\"uvc-heading-spacer no_spacer\" style=\"top\"><\/div><div class=\"uvc-main-heading ult-responsive\"  data-ultimate-target='.uvc-heading.ultimate-heading-759969ff22f0de08d h3'  data-responsive-json-new='{\"font-size\":\"desktop:25px;\",\"line-height\":\"desktop:35px;\"}' ><h3 style=\"font-weight:bold;margin-bottom:5px;\">Katamaran-Segelkurs: Eine Einf\u00fchrung in die Segeltheorie und -praxis<\/h3><\/div><\/div>[vc_column_text css=&#8220;.vc_custom_1711623156776{margin-top: 20px !important;padding-bottom: 30px !important;}&#8220;]<br \/>\nDer Katamaran-Segelkurs beginnt mit einer Einf\u00fchrung in die Segeltheorie, in der Sie die Grundlagen des Katamaran-Segelns lernen, vom Verst\u00e4ndnis der Winde und Str\u00f6mungen bis zur Steuerung der Segel und des Bootes selbst. Unter der Anleitung erfahrener Instruktoren machen Sie sich mit der Ausr\u00fcstung an Bord und den Man\u00f6vriertechniken vertraut, um ein sicheres und angenehmes Segeln zu gew\u00e4hrleisten.<br \/>\nAn Bord werden die Teilnehmer aktiv in den Betrieb des Katamarans einbezogen und stellen sich den Herausforderungen und Freuden des Segelns auf offener See. Die Teilnehmer haben die M\u00f6glichkeit, verschiedene Rollen an Bord zu \u00fcbernehmen, von der Segelsteuerung bis zur Steuerung, und gewinnen so Vertrauen und Kompetenz im Betrieb des Katamarans bei verschiedenen Wind- und Seebedingungen.<br \/>\n.[\/vc_column_text][\/vc_column][vc_column width=&#8220;1\/2&#8243;]<div id=\"ultimate-heading-254569ff22f0de0f3\" class=\"uvc-heading ult-adjust-bottom-margin ultimate-heading-254569ff22f0de0f3 uvc-2196 accent-subtitle-color\" data-hspacer=\"no_spacer\"  data-halign=\"left\" style=\"text-align:left\"><div class=\"uvc-heading-spacer no_spacer\" style=\"top\"><\/div><div class=\"uvc-main-heading ult-responsive\"  data-ultimate-target='.uvc-heading.ultimate-heading-254569ff22f0de0f3 h3'  data-responsive-json-new='{\"font-size\":\"desktop:25px;\",\"line-height\":\"desktop:35px;\"}' ><h3 style=\"font-weight:bold;margin-bottom:5px;\">Katamaran-Kurstechniken<\/h3><\/div><\/div>[vc_column_text css=&#8220;.vc_custom_1711623225006{margin-top: 20px !important;padding-bottom: 30px !important;}&#8220;]<br \/>\nKatamaran-Segelkurs: Mehr als nur Segeln. Beim Katamaran-Segelkurs geht es nicht nur um technisches Segeln. Er ist auch eine Gelegenheit, in die Meereskultur einzutauchen, mit Lektionen \u00fcber Sicherheit auf See, Erhaltung der Meeresumwelt an der wundersch\u00f6nen Costa Smeralda und die Geschichte des Segelns. Dar\u00fcber hinaus haben Sie die M\u00f6glichkeit, neue Freunde und Abenteuergef\u00e4hrten kennenzulernen, mit denen Sie Lachen und Geschichten teilen k\u00f6nnen.<br \/>\nAm Ende des Kurses sind Sie bereit, die Meere mit Zuversicht und Sicherheit zu befahren. Ob es sich um eine neu entdeckte Leidenschaft oder eine gefestigte Erfahrung handelt, der Katamaran-Segelkurs wird ein Abenteuer sein, an das Sie sich f\u00fcr immer erinnern werden.<br \/>\n[\/vc_column_text][\/vc_column][\/vc_row][vc_row full_width=&#8220;stretch_row_content&#8220; css=&#8220;.vc_custom_1708444842545{margin-top: 20px !important;}&#8220;][vc_column][vc_column_text css=&#8220;.vc_custom_1711623267130{padding-bottom: 30px !important;}&#8220;]<br \/>\nJeder Tag ist dem praktischen Segeln auf offener See gewidmet. Unter der sorgf\u00e4ltigen Anleitung unserer Instruktoren \u00fcben Sie grundlegende und fortgeschrittene Man\u00f6ver wie Wenden, Halsen und Anlegen. Sie haben die M\u00f6glichkeit, verschiedene Rollen an Bord zu \u00fcbernehmen, von der Segelsteuerung bis zur Steuerung, und gewinnen so Vertrauen und Kompetenz im Betrieb des Katamarans bei verschiedenen Wind- und Seebedingungen.<br \/>\n[\/vc_column_text][\/vc_column][\/vc_row][vc_row][vc_column]<div class=\"dt-photos-shortcode slider-wrapper owl-carousel dt-owl-carousel-init  shortcode-instagram dt-gallery-container arrows-light enable-mobile-arrows\" data-padding-side=\"20\" data-autoslide=\"true\" data-delay=\"3000\" data-loop=\"false\" data-arrows=\"true\" data-pretty-share=\"facebook,whatsapp\">\n<article class=\"post post-4086 attachment type-attachment status-inherit hentry no-img description-off\">\n\n\t<figure class=\"rollover-project links-hovers-disabled\">\n\t<a href=\"https:\/\/buenaondasurf.com\/wp-content\/uploads\/2024\/02\/Escursioni-e-Summer-CAMP-Catamarano-Oblia-Sardegna-2.jpg\" class=\"rollover rollover-zoom dt-pswp-item layzr-bg\" title=\"Escursioni e Summer CAMP &#8211; Catamarano &#8211; Oblia &#8211; Sardegna\" data-dt-img-description=\"\"  data-large_image_width=\"1295\" data-large_image_height = \"1280\"  data-dt-location=\"https:\/\/buenaondasurf.com\/de\/dt_gallery\/catamarano\/escursioni-e-summer-camp-catamarano-oblia-sardegna-2-2\/\" ><img decoding=\"async\" class=\"preload-me lazy-load aspect\" src=\"data:image\/svg+xml,%3Csvg%20xmlns%3D&#39;http%3A%2F%2Fwww.w3.org%2F2000%2Fsvg&#39;%20viewBox%3D&#39;0%200%20212%20210&#39;%2F%3E\" data-src=\"https:\/\/buenaondasurf.com\/wp-content\/uploads\/2024\/02\/Escursioni-e-Summer-CAMP-Catamarano-Oblia-Sardegna-2-212x210.jpg\" data-srcset=\"https:\/\/buenaondasurf.com\/wp-content\/uploads\/2024\/02\/Escursioni-e-Summer-CAMP-Catamarano-Oblia-Sardegna-2-212x210.jpg 212w, https:\/\/buenaondasurf.com\/wp-content\/uploads\/2024\/02\/Escursioni-e-Summer-CAMP-Catamarano-Oblia-Sardegna-2-424x420.jpg 424w\" loading=\"eager\" style=\"--ratio: 212 \/ 210\" sizes=\"(max-width: 212px) 100vw, 212px\" alt=\"\" width=\"212\" height=\"210\"  \/><\/a>\t<\/figure>\n<\/article>\n\n\n<article class=\"post post-4142 attachment type-attachment status-inherit hentry no-img description-off\">\n\n\t<figure class=\"rollover-project links-hovers-disabled\">\n\t<a href=\"https:\/\/buenaondasurf.com\/wp-content\/uploads\/2024\/02\/Escursioni-e-Summer-CAMP-Catamarano-Oblia-Sardegna-1.jpg\" class=\"rollover rollover-zoom dt-pswp-item layzr-bg\" title=\"Escursioni e Summer CAMP &#8211; Catamarano &#8211; Oblia &#8211; Sardegna\" data-dt-img-description=\"\"  data-large_image_width=\"1920\" data-large_image_height = \"1280\"  data-dt-location=\"https:\/\/buenaondasurf.com\/de\/dt_gallery\/catamarano\/escursioni-e-summer-camp-catamarano-oblia-sardegna-1\/\" ><img decoding=\"async\" class=\"preload-me lazy-load aspect\" src=\"data:image\/svg+xml,%3Csvg%20xmlns%3D&#39;http%3A%2F%2Fwww.w3.org%2F2000%2Fsvg&#39;%20viewBox%3D&#39;0%200%20315%20210&#39;%2F%3E\" data-src=\"https:\/\/buenaondasurf.com\/wp-content\/uploads\/2024\/02\/Escursioni-e-Summer-CAMP-Catamarano-Oblia-Sardegna-1-315x210.jpg\" data-srcset=\"https:\/\/buenaondasurf.com\/wp-content\/uploads\/2024\/02\/Escursioni-e-Summer-CAMP-Catamarano-Oblia-Sardegna-1-315x210.jpg 315w, https:\/\/buenaondasurf.com\/wp-content\/uploads\/2024\/02\/Escursioni-e-Summer-CAMP-Catamarano-Oblia-Sardegna-1-630x420.jpg 630w\" loading=\"eager\" style=\"--ratio: 315 \/ 210\" sizes=\"(max-width: 315px) 100vw, 315px\" alt=\"\" width=\"315\" height=\"210\"  \/><\/a>\t<\/figure>\n<\/article>\n\n\n<article class=\"post post-4284 attachment type-attachment status-inherit hentry no-img description-off\">\n\n\t<figure class=\"rollover-project links-hovers-disabled\">\n\t<a href=\"https:\/\/buenaondasurf.com\/wp-content\/uploads\/2024\/02\/Catamarano-scaled.webp\" class=\"rollover rollover-zoom dt-pswp-item layzr-bg\" title=\"Escursioni e Summer CAMP &#8211; Catamarano &#8211; Oblia &#8211; Sardegna\" data-dt-img-description=\"\"  data-large_image_width=\"2560\" data-large_image_height = \"2053\"  data-dt-location=\"https:\/\/buenaondasurf.com\/de\/home\/catamarano-2\/\" ><img decoding=\"async\" class=\"preload-me lazy-load aspect\" src=\"data:image\/svg+xml,%3Csvg%20xmlns%3D&#39;http%3A%2F%2Fwww.w3.org%2F2000%2Fsvg&#39;%20viewBox%3D&#39;0%200%20261%20210&#39;%2F%3E\" data-src=\"https:\/\/buenaondasurf.com\/wp-content\/uploads\/2024\/02\/Catamarano-scaled-261x210.webp\" data-srcset=\"https:\/\/buenaondasurf.com\/wp-content\/uploads\/2024\/02\/Catamarano-scaled-261x210.webp 261w, https:\/\/buenaondasurf.com\/wp-content\/uploads\/2024\/02\/Catamarano-scaled-522x420.webp 522w\" loading=\"eager\" style=\"--ratio: 261 \/ 210\" sizes=\"(max-width: 261px) 100vw, 261px\" alt=\"\" width=\"261\" height=\"210\"  \/><\/a>\t<\/figure>\n<\/article>\n\n<\/div>[\/vc_column][\/vc_row]<\/p>\n<\/div>","protected":false},"excerpt":{"rendered":"<p>[vc_row css=&#8220;.vc_custom_1560778311219{margin-bottom: -20px !important;}&#8220;][vc_column css=&#8220;.vc_custom_1560779090423{padding-bottom: 40px !important;}&#8220;][vc_row_inner equal_height=&#8220;yes&#8220;][vc_column_inner width=&#8220;1\/2&#8243;][\/vc_column_inner][vc_column_inner width=&#8220;1\/2&#8243;][\/vc_column_inner][\/vc_row_inner][\/vc_column][\/vc_row][vc_row][vc_column css=&#8220;.vc_custom_1560778479070{padding-bottom: 50px !important;}&#8220;][\/vc_column][\/vc_row][vc_row][vc_column width=&#8220;1\/2&#8243; css=&#8220;.vc_custom_1560779179438{margin-bottom: -20px !important;}&#8220;][vc_column_text css=&#8220;.vc_custom_1711623156776{margin-top: 20px !important;padding-bottom: 30px !important;}&#8220;] Der Katamaran-Segelkurs beginnt mit einer Einf\u00fchrung in die Segeltheorie, in der Sie die Grundlagen des Katamaran-Segelns lernen, vom Verst\u00e4ndnis der Winde und Str\u00f6mungen bis zur Steuerung der Segel und des Bootes selbst. Unter&hellip;<\/p>\n","protected":false},"author":1,"featured_media":3887,"parent":3884,"menu_order":2,"comment_status":"closed","ping_status":"closed","template":"","meta":{"footnotes":""},"class_list":["post-3886","page","type-page","status-publish","has-post-thumbnail","hentry","description-off"],"yoast_head":"<!-- This site is optimized with the Yoast SEO plugin v24.6 - https:\/\/yoast.com\/wordpress\/plugins\/seo\/ -->\n<title>Katamaran-Segelkurs - Buenaonda Surf<\/title>\n<meta name=\"description\" content=\"Katamaran-Segelkurs im Golf von Aranci auf Sardinien: Ein aufregendes Erlebnis, das Sie auf eine Reise durch Wind und Wellen mitnimmt und Ihnen die T\u00fcr zu einer Welt voller Emotionen und Entdeckungen \u00f6ffnet, in der Sie lernen, nicht nur die Sch\u00f6nheit des Segelns zu sch\u00e4tzen, sondern auch die Kraft der Zusammenarbeit und der Verbindung mit der Natur.\" \/>\n<meta name=\"robots\" content=\"index, follow, max-snippet:-1, max-image-preview:large, max-video-preview:-1\" \/>\n<link rel=\"canonical\" href=\"https:\/\/buenaondasurf.com\/de\/kurse\/katamaran-segelkurs\/\" \/>\n<meta property=\"og:locale\" content=\"de_DE\" \/>\n<meta property=\"og:type\" content=\"article\" \/>\n<meta property=\"og:title\" content=\"Katamaran-Segelkurs - Buenaonda Surf\" \/>\n<meta property=\"og:description\" content=\"Katamaran-Segelkurs im Golf von Aranci auf Sardinien: Ein aufregendes Erlebnis, das Sie auf eine Reise durch Wind und Wellen mitnimmt und Ihnen die T\u00fcr zu einer Welt voller Emotionen und Entdeckungen \u00f6ffnet, in der Sie lernen, nicht nur die Sch\u00f6nheit des Segelns zu sch\u00e4tzen, sondern auch die Kraft der Zusammenarbeit und der Verbindung mit der Natur.\" \/>\n<meta property=\"og:url\" content=\"https:\/\/buenaondasurf.com\/de\/kurse\/katamaran-segelkurs\/\" \/>\n<meta property=\"og:site_name\" content=\"Buenaonda Surf\" \/>\n<meta property=\"article:publisher\" content=\"https:\/\/www.facebook.com\/people\/Buenaondasurf\/100037188225705\/\" \/>\n<meta property=\"article:modified_time\" content=\"2025-03-18T15:39:05+00:00\" \/>\n<meta property=\"og:image\" content=\"https:\/\/buenaondasurf.com\/wp-content\/uploads\/2024\/02\/cat2-1.jpg\" \/>\n\t<meta property=\"og:image:width\" content=\"1920\" \/>\n\t<meta property=\"og:image:height\" content=\"1280\" \/>\n\t<meta property=\"og:image:type\" content=\"image\/jpeg\" \/>\n<meta name=\"twitter:card\" content=\"summary_large_image\" \/>\n<meta name=\"twitter:label1\" content=\"Gesch\u00e4tzte Lesezeit\" \/>\n\t<meta name=\"twitter:data1\" content=\"3\u00a0Minuten\" \/>\n<script type=\"application\/ld+json\" class=\"yoast-schema-graph\">{\"@context\":\"https:\/\/schema.org\",\"@graph\":[{\"@type\":\"WebPage\",\"@id\":\"https:\/\/buenaondasurf.com\/de\/kurse\/katamaran-segelkurs\/\",\"url\":\"https:\/\/buenaondasurf.com\/de\/kurse\/katamaran-segelkurs\/\",\"name\":\"Katamaran-Segelkurs - Buenaonda Surf\",\"isPartOf\":{\"@id\":\"https:\/\/buenaondasurf.com\/de\/#website\"},\"primaryImageOfPage\":{\"@id\":\"https:\/\/buenaondasurf.com\/de\/kurse\/katamaran-segelkurs\/#primaryimage\"},\"image\":{\"@id\":\"https:\/\/buenaondasurf.com\/de\/kurse\/katamaran-segelkurs\/#primaryimage\"},\"thumbnailUrl\":\"https:\/\/buenaondasurf.com\/wp-content\/uploads\/2024\/02\/cat2-1.jpg\",\"datePublished\":\"2024-02-22T07:42:14+00:00\",\"dateModified\":\"2025-03-18T15:39:05+00:00\",\"description\":\"Katamaran-Segelkurs im Golf von Aranci auf Sardinien: Ein aufregendes Erlebnis, das Sie auf eine Reise durch Wind und Wellen mitnimmt und Ihnen die T\u00fcr zu einer Welt voller Emotionen und Entdeckungen \u00f6ffnet, in der Sie lernen, nicht nur die Sch\u00f6nheit des Segelns zu sch\u00e4tzen, sondern auch die Kraft der Zusammenarbeit und der Verbindung mit der Natur.\",\"breadcrumb\":{\"@id\":\"https:\/\/buenaondasurf.com\/de\/kurse\/katamaran-segelkurs\/#breadcrumb\"},\"inLanguage\":\"de\",\"potentialAction\":[{\"@type\":\"ReadAction\",\"target\":[\"https:\/\/buenaondasurf.com\/de\/kurse\/katamaran-segelkurs\/\"]}]},{\"@type\":\"ImageObject\",\"inLanguage\":\"de\",\"@id\":\"https:\/\/buenaondasurf.com\/de\/kurse\/katamaran-segelkurs\/#primaryimage\",\"url\":\"https:\/\/buenaondasurf.com\/wp-content\/uploads\/2024\/02\/cat2-1.jpg\",\"contentUrl\":\"https:\/\/buenaondasurf.com\/wp-content\/uploads\/2024\/02\/cat2-1.jpg\",\"width\":1920,\"height\":1280},{\"@type\":\"BreadcrumbList\",\"@id\":\"https:\/\/buenaondasurf.com\/de\/kurse\/katamaran-segelkurs\/#breadcrumb\",\"itemListElement\":[{\"@type\":\"ListItem\",\"position\":1,\"name\":\"Home\",\"item\":\"https:\/\/buenaondasurf.com\/de\/\"},{\"@type\":\"ListItem\",\"position\":2,\"name\":\"Kurse\",\"item\":\"https:\/\/buenaondasurf.com\/de\/kurse\/\"},{\"@type\":\"ListItem\",\"position\":3,\"name\":\"Katamaran-Segelkurs\"}]},{\"@type\":\"WebSite\",\"@id\":\"https:\/\/buenaondasurf.com\/de\/#website\",\"url\":\"https:\/\/buenaondasurf.com\/de\/\",\"name\":\"Buenaonda Surf\",\"description\":\"Amiamo il mare, il vento e lo sport\",\"publisher\":{\"@id\":\"https:\/\/buenaondasurf.com\/de\/#organization\"},\"potentialAction\":[{\"@type\":\"SearchAction\",\"target\":{\"@type\":\"EntryPoint\",\"urlTemplate\":\"https:\/\/buenaondasurf.com\/de\/?s={search_term_string}\"},\"query-input\":{\"@type\":\"PropertyValueSpecification\",\"valueRequired\":true,\"valueName\":\"search_term_string\"}}],\"inLanguage\":\"de\"},{\"@type\":\"Organization\",\"@id\":\"https:\/\/buenaondasurf.com\/de\/#organization\",\"name\":\"Buenaonda Surf\",\"url\":\"https:\/\/buenaondasurf.com\/de\/\",\"logo\":{\"@type\":\"ImageObject\",\"inLanguage\":\"de\",\"@id\":\"https:\/\/buenaondasurf.com\/de\/#\/schema\/logo\/image\/\",\"url\":\"https:\/\/buenaondasurf.com\/wp-content\/uploads\/2024\/02\/logo_buena_vector_300.png\",\"contentUrl\":\"https:\/\/buenaondasurf.com\/wp-content\/uploads\/2024\/02\/logo_buena_vector_300.png\",\"width\":300,\"height\":299,\"caption\":\"Buenaonda Surf\"},\"image\":{\"@id\":\"https:\/\/buenaondasurf.com\/de\/#\/schema\/logo\/image\/\"},\"sameAs\":[\"https:\/\/www.facebook.com\/people\/Buenaondasurf\/100037188225705\/\",\"https:\/\/www.instagram.com\/buenaondasurf\/\"]}]}<\/script>\n<!-- \/ Yoast SEO plugin. -->","yoast_head_json":{"title":"Katamaran-Segelkurs - Buenaonda Surf","description":"Katamaran-Segelkurs im Golf von Aranci auf Sardinien: Ein aufregendes Erlebnis, das Sie auf eine Reise durch Wind und Wellen mitnimmt und Ihnen die T\u00fcr zu einer Welt voller Emotionen und Entdeckungen \u00f6ffnet, in der Sie lernen, nicht nur die Sch\u00f6nheit des Segelns zu sch\u00e4tzen, sondern auch die Kraft der Zusammenarbeit und der Verbindung mit der Natur.","robots":{"index":"index","follow":"follow","max-snippet":"max-snippet:-1","max-image-preview":"max-image-preview:large","max-video-preview":"max-video-preview:-1"},"canonical":"https:\/\/buenaondasurf.com\/de\/kurse\/katamaran-segelkurs\/","og_locale":"de_DE","og_type":"article","og_title":"Katamaran-Segelkurs - Buenaonda Surf","og_description":"Katamaran-Segelkurs im Golf von Aranci auf Sardinien: Ein aufregendes Erlebnis, das Sie auf eine Reise durch Wind und Wellen mitnimmt und Ihnen die T\u00fcr zu einer Welt voller Emotionen und Entdeckungen \u00f6ffnet, in der Sie lernen, nicht nur die Sch\u00f6nheit des Segelns zu sch\u00e4tzen, sondern auch die Kraft der Zusammenarbeit und der Verbindung mit der Natur.","og_url":"https:\/\/buenaondasurf.com\/de\/kurse\/katamaran-segelkurs\/","og_site_name":"Buenaonda Surf","article_publisher":"https:\/\/www.facebook.com\/people\/Buenaondasurf\/100037188225705\/","article_modified_time":"2025-03-18T15:39:05+00:00","og_image":[{"width":1920,"height":1280,"url":"https:\/\/buenaondasurf.com\/wp-content\/uploads\/2024\/02\/cat2-1.jpg","type":"image\/jpeg"}],"twitter_card":"summary_large_image","twitter_misc":{"Gesch\u00e4tzte Lesezeit":"3\u00a0Minuten"},"schema":{"@context":"https:\/\/schema.org","@graph":[{"@type":"WebPage","@id":"https:\/\/buenaondasurf.com\/de\/kurse\/katamaran-segelkurs\/","url":"https:\/\/buenaondasurf.com\/de\/kurse\/katamaran-segelkurs\/","name":"Katamaran-Segelkurs - Buenaonda Surf","isPartOf":{"@id":"https:\/\/buenaondasurf.com\/de\/#website"},"primaryImageOfPage":{"@id":"https:\/\/buenaondasurf.com\/de\/kurse\/katamaran-segelkurs\/#primaryimage"},"image":{"@id":"https:\/\/buenaondasurf.com\/de\/kurse\/katamaran-segelkurs\/#primaryimage"},"thumbnailUrl":"https:\/\/buenaondasurf.com\/wp-content\/uploads\/2024\/02\/cat2-1.jpg","datePublished":"2024-02-22T07:42:14+00:00","dateModified":"2025-03-18T15:39:05+00:00","description":"Katamaran-Segelkurs im Golf von Aranci auf Sardinien: Ein aufregendes Erlebnis, das Sie auf eine Reise durch Wind und Wellen mitnimmt und Ihnen die T\u00fcr zu einer Welt voller Emotionen und Entdeckungen \u00f6ffnet, in der Sie lernen, nicht nur die Sch\u00f6nheit des Segelns zu sch\u00e4tzen, sondern auch die Kraft der Zusammenarbeit und der Verbindung mit der Natur.","breadcrumb":{"@id":"https:\/\/buenaondasurf.com\/de\/kurse\/katamaran-segelkurs\/#breadcrumb"},"inLanguage":"de","potentialAction":[{"@type":"ReadAction","target":["https:\/\/buenaondasurf.com\/de\/kurse\/katamaran-segelkurs\/"]}]},{"@type":"ImageObject","inLanguage":"de","@id":"https:\/\/buenaondasurf.com\/de\/kurse\/katamaran-segelkurs\/#primaryimage","url":"https:\/\/buenaondasurf.com\/wp-content\/uploads\/2024\/02\/cat2-1.jpg","contentUrl":"https:\/\/buenaondasurf.com\/wp-content\/uploads\/2024\/02\/cat2-1.jpg","width":1920,"height":1280},{"@type":"BreadcrumbList","@id":"https:\/\/buenaondasurf.com\/de\/kurse\/katamaran-segelkurs\/#breadcrumb","itemListElement":[{"@type":"ListItem","position":1,"name":"Home","item":"https:\/\/buenaondasurf.com\/de\/"},{"@type":"ListItem","position":2,"name":"Kurse","item":"https:\/\/buenaondasurf.com\/de\/kurse\/"},{"@type":"ListItem","position":3,"name":"Katamaran-Segelkurs"}]},{"@type":"WebSite","@id":"https:\/\/buenaondasurf.com\/de\/#website","url":"https:\/\/buenaondasurf.com\/de\/","name":"Buenaonda Surf","description":"Amiamo il mare, il vento e lo sport","publisher":{"@id":"https:\/\/buenaondasurf.com\/de\/#organization"},"potentialAction":[{"@type":"SearchAction","target":{"@type":"EntryPoint","urlTemplate":"https:\/\/buenaondasurf.com\/de\/?s={search_term_string}"},"query-input":{"@type":"PropertyValueSpecification","valueRequired":true,"valueName":"search_term_string"}}],"inLanguage":"de"},{"@type":"Organization","@id":"https:\/\/buenaondasurf.com\/de\/#organization","name":"Buenaonda Surf","url":"https:\/\/buenaondasurf.com\/de\/","logo":{"@type":"ImageObject","inLanguage":"de","@id":"https:\/\/buenaondasurf.com\/de\/#\/schema\/logo\/image\/","url":"https:\/\/buenaondasurf.com\/wp-content\/uploads\/2024\/02\/logo_buena_vector_300.png","contentUrl":"https:\/\/buenaondasurf.com\/wp-content\/uploads\/2024\/02\/logo_buena_vector_300.png","width":300,"height":299,"caption":"Buenaonda Surf"},"image":{"@id":"https:\/\/buenaondasurf.com\/de\/#\/schema\/logo\/image\/"},"sameAs":["https:\/\/www.facebook.com\/people\/Buenaondasurf\/100037188225705\/","https:\/\/www.instagram.com\/buenaondasurf\/"]}]}},"_links":{"self":[{"href":"https:\/\/buenaondasurf.com\/de\/wp-json\/wp\/v2\/pages\/3886","targetHints":{"allow":["GET"]}}],"collection":[{"href":"https:\/\/buenaondasurf.com\/de\/wp-json\/wp\/v2\/pages"}],"about":[{"href":"https:\/\/buenaondasurf.com\/de\/wp-json\/wp\/v2\/types\/page"}],"author":[{"embeddable":true,"href":"https:\/\/buenaondasurf.com\/de\/wp-json\/wp\/v2\/users\/1"}],"replies":[{"embeddable":true,"href":"https:\/\/buenaondasurf.com\/de\/wp-json\/wp\/v2\/comments?post=3886"}],"version-history":[{"count":2,"href":"https:\/\/buenaondasurf.com\/de\/wp-json\/wp\/v2\/pages\/3886\/revisions"}],"predecessor-version":[{"id":4214,"href":"https:\/\/buenaondasurf.com\/de\/wp-json\/wp\/v2\/pages\/3886\/revisions\/4214"}],"up":[{"embeddable":true,"href":"https:\/\/buenaondasurf.com\/de\/wp-json\/wp\/v2\/pages\/3884"}],"wp:featuredmedia":[{"embeddable":true,"href":"https:\/\/buenaondasurf.com\/de\/wp-json\/wp\/v2\/media\/3887"}],"wp:attachment":[{"href":"https:\/\/buenaondasurf.com\/de\/wp-json\/wp\/v2\/media?parent=3886"}],"curies":[{"name":"wp","href":"https:\/\/api.w.org\/{rel}","templated":true}]}}